{"id":31923,"date":"2020-05-15T09:17:41","date_gmt":"2020-05-15T09:17:41","guid":{"rendered":"https:\/\/www.oxatis.com\/de-tarifs\/"},"modified":"2024-09-10T14:58:45","modified_gmt":"2024-09-10T12:58:45","slug":"preise","status":"publish","type":"page","link":"https:\/\/www.oxatis.com\/de\/preise\/","title":{"rendered":"Preise"},"content":{"rendered":"<p>[et_pb_section fb_built=&#8220;1&#8243; disabled_on=&#8220;off|off|off&#8220; _builder_version=&#8220;4.16&#8243; custom_margin=&#8220;||0px||false|false&#8220; custom_margin_tablet=&#8220;0px||0px||false|false&#8220; custom_margin_phone=&#8220;0px||||false|false&#8220; custom_margin_last_edited=&#8220;on|desktop&#8220; custom_padding=&#8220;195px||0px||false|false&#8220; global_colors_info=&#8220;{}&#8220;][et_pb_row module_class=&#8220;section_Width&#8220; _builder_version=&#8220;4.16&#8243; background_color=&#8220;rgba(0,0,0,0)&#8220; width=&#8220;70%&#8220; custom_margin=&#8220;0px||0px||false|false&#8220; custom_padding=&#8220;0px||0px||false|false&#8220; global_colors_info=&#8220;{}&#8220;][et_pb_column type=&#8220;4_4&#8243; _builder_version=&#8220;4.16&#8243; global_colors_info=&#8220;{}&#8220;][et_pb_code admin_label=&#8220;header and breadcrump blanc&#8220; _builder_version=&#8220;4.17.6&#8243; max_height=&#8220;0px&#8220; custom_margin=&#8220;0px|0px|0px|0px|false|false&#8220; custom_padding=&#8220;0px|0px|0px|0px|false|false&#8220; global_module=&#8220;35596&#8243; saved_tabs=&#8220;all&#8220; global_colors_info=&#8220;{}&#8220;]<\/p>\n<style type=\"text\/css\"><!-- [et_pb_line_break_holder] -->\/*header*\/<!-- [et_pb_line_break_holder] --><!-- [et_pb_line_break_holder] -->#admenu .et_pb_menu_1_tb_header.et_pb_menu ul li a, #admenu .et_pb_menu_0_tb_header.et_pb_menu ul li a {<!-- [et_pb_line_break_holder] -->    color: rgba(32,35,119,1) !important;<!-- [et_pb_line_break_holder] -->    font-size:18px !important;<!-- [et_pb_line_break_holder] -->}<!-- [et_pb_line_break_holder] --><!-- [et_pb_line_break_holder] -->  #admenu.sticky .et_pb_menu_1_tb_header.et_pb_menu ul li a, #admenu.sticky .et_pb_menu_0_tb_header.et_pb_menu ul li a {<!-- [et_pb_line_break_holder] -->    color: rgba(32,35,119,1) !important;<!-- [et_pb_line_break_holder] -->    font-size:16px !important;<!-- [et_pb_line_break_holder] -->    <!-- [et_pb_line_break_holder] -->}<!-- [et_pb_line_break_holder] -->#admenu .et_pb_menu_1_tb_header.et_pb_menu .nav li ul.sub-menu .latestnews a, #admenu .et_pb_menu_0_tb_header.et_pb_menu .nav li ul.sub-menu .latestnews a {<!-- [et_pb_line_break_holder] -->    font-size:0.75em !important;<!-- [et_pb_line_break_holder] -->    opacity:0.75;<!-- [et_pb_line_break_holder] -->  }<!-- [et_pb_line_break_holder] -->  #admenu,<!-- [et_pb_line_break_holder] -->  .et-db #et-boc .et-l .et_pb_section_1_tb_header.et_pb_section,  .et-db #et-boc .et-0 .et_pb_section_0_tb_header.et_pb_section {<!-- [et_pb_line_break_holder] -->    padding-top: 15px;<!-- [et_pb_line_break_holder] -->    background-color: #ffffff !important;<!-- [et_pb_line_break_holder] -->    box-shadow: 0px 0px 18px -6px rgba(0,0,0,0.3);<!-- [et_pb_line_break_holder] -->    padding-top: 0px;<!-- [et_pb_line_break_holder] -->    z-index:4;<!-- [et_pb_line_break_holder] -->}<!-- [et_pb_line_break_holder] -->  <!-- [et_pb_line_break_holder] -->  #admenu .new_oxatis_lighter .et_pb_image_wrap img {<!-- [et_pb_line_break_holder] -->    opacity:0;<!-- [et_pb_line_break_holder] -->  }<!-- [et_pb_line_break_holder] -->    #admenu .new_oxatis_darker .et_pb_image_wrap img {<!-- [et_pb_line_break_holder] -->    opacity:1;<!-- [et_pb_line_break_holder] -->  }<!-- [et_pb_line_break_holder] -->    #admenu.sticky .new_oxatis_lighter .et_pb_image_wrap img {<!-- [et_pb_line_break_holder] -->    opacity:0;<!-- [et_pb_line_break_holder] -->  }<!-- [et_pb_line_break_holder] -->    #admenu.sticky .new_oxatis_darker .et_pb_image_wrap img {<!-- [et_pb_line_break_holder] -->    opacity:1;<!-- [et_pb_line_break_holder] -->  }<!-- [et_pb_line_break_holder] -->@media only screen and ( max-width: 1180px ) {<!-- [et_pb_line_break_holder] -->  #admenu #realheader .et_pb_menu_1_tb_header .mobile_nav .mobile_menu_bar:before,  #admenu #realheader .et_pb_menu_0_tb_header .mobile_nav .mobile_menu_bar:before {<!-- [et_pb_line_break_holder] -->    color: #202377 !important;<!-- [et_pb_line_break_holder] -->}<!-- [et_pb_line_break_holder] -->  }<!-- [et_pb_line_break_holder] -->  @media screen and (max-width:1366px) and (min-width:1024px) {<!-- [et_pb_line_break_holder] -->    #admenu .et_pb_menu_1_tb_header.et_pb_menu ul li a, #admenu .et_pb_menu_0_tb_header.et_pb_menu ul li a {<!-- [et_pb_line_break_holder] -->    color: rgba(32,35,119,1) !important;<!-- [et_pb_line_break_holder] -->    font-size:16px !important;<!-- [et_pb_line_break_holder] -->}<!-- [et_pb_line_break_holder] -->    <!-- [et_pb_line_break_holder] -->  #admenu.sticky .et_pb_menu_1_tb_header.et_pb_menu ul li a, #admenu.sticky .et_pb_menu_0_tb_header.et_pb_menu ul li a {<!-- [et_pb_line_break_holder] -->    color: rgba(32,35,119,1) !important;<!-- [et_pb_line_break_holder] -->    font-size:14px !important;<!-- [et_pb_line_break_holder] -->    <!-- [et_pb_line_break_holder] -->}<!-- [et_pb_line_break_holder] -->  }<!-- [et_pb_line_break_holder] --><!-- [et_pb_line_break_holder] -->#admenu .et_pb_menu_1_tb_header.et_pb_menu ul li a, #admenu .et_pb_menu_0_tb_header.et_pb_menu ul li a {<!-- [et_pb_line_break_holder] -->    color: rgba(32,35,119,1) !important;<!-- [et_pb_line_break_holder] -->}<!-- [et_pb_line_break_holder] -->  \/*Breadcrump*\/<!-- [et_pb_line_break_holder] --><!-- [et_pb_line_break_holder] -->.widget_breadcrumb_navxt {<!-- [et_pb_line_break_holder] -->\tcolor: #abb9c3;<!-- [et_pb_line_break_holder] -->\tmargin-bottom:30px !important;<!-- [et_pb_line_break_holder] -->\twidth: 100% !important;<!-- [et_pb_line_break_holder] -->\tfont-size:0.85em;<!-- [et_pb_line_break_holder] -->}<!-- [et_pb_line_break_holder] -->.widget_breadcrumb_navxt span {<!-- [et_pb_line_break_holder] -->\tcolor: rgba(32,35,119,.55);<!-- [et_pb_line_break_holder] -->}<!-- [et_pb_line_break_holder] -->  @media screen and (max-width:680px) {<!-- [et_pb_line_break_holder] -->        #admenu #realheader .et_pb_menu_1_tb_header .mobile_nav .mobile_menu_bar:before, #admenu #realheader .et_pb_menu_0_tb_header .mobile_nav .mobile_menu_bar:before {<!-- [et_pb_line_break_holder] -->          color: #202377;<!-- [et_pb_line_break_holder] -->    }<!-- [et_pb_line_break_holder] -->  } <!-- [et_pb_line_break_holder] --><\/style>\n<p>[\/et_pb_code][et_pb_sidebar area=&#8220;et_pb_widget_area_3&#8243; _builder_version=&#8220;4.16&#8243; custom_margin=&#8220;10px||0px||false|false&#8220; custom_padding=&#8220;25px||0px||false|false&#8220; custom_css_main_element=&#8220;border:none;&#8220; global_colors_info=&#8220;{}&#8220;][\/et_pb_sidebar][\/et_pb_column][\/et_pb_row][\/et_pb_section][et_pb_section fb_built=&#8220;1&#8243; _builder_version=&#8220;4.16&#8243; custom_padding=&#8220;0px||0px||false|false&#8220; global_colors_info=&#8220;{}&#8220;][et_pb_row module_class=&#8220;section_Width&#8220; _builder_version=&#8220;4.16&#8243; width=&#8220;70%&#8220; custom_margin=&#8220;0px||||false|false&#8220; custom_padding=&#8220;0px||||false|false&#8220; global_colors_info=&#8220;{}&#8220;][et_pb_column type=&#8220;4_4&#8243; _builder_version=&#8220;4.16&#8243; global_colors_info=&#8220;{}&#8220;][et_pb_text _builder_version=&#8220;4.16&#8243; text_font=&#8220;|600|||||||&#8220; text_text_color=&#8220;#202377&#8243; text_font_size=&#8220;18px&#8220; text_orientation=&#8220;center&#8220; global_colors_info=&#8220;{}&#8220;]<\/p>\n<h1 class=\"general_title-type ox-title ox-align-center pricetitle ox-margin-bottom-large ox-margin-top-large\" style=\"text-align: center;\"><span class=\"PBPTitle\"><span class=\"PBHD\">Erhalten Sie innerhalb von f\u00fcnf Minuten ein f\u00fcr Sie passendes Angebot<\/span><\/span><\/h1>\n<p>[\/et_pb_text][\/et_pb_column][\/et_pb_row][\/et_pb_section][et_pb_section fb_built=&#8220;1&#8243; custom_padding_last_edited=&#8220;on|desktop&#8220; module_class=&#8220;section_Width&#8220; _builder_version=&#8220;4.16&#8243; background_color=&#8220;#ffffff&#8220; width=&#8220;70%&#8220; width_tablet=&#8220;&#8220; width_phone=&#8220;90%&#8220; width_last_edited=&#8220;on|phone&#8220; max_width=&#8220;1536px&#8220; module_alignment=&#8220;center&#8220; custom_padding=&#8220;50px|50px|30px|50px|false|true&#8220; custom_padding_tablet=&#8220;&#8220; custom_padding_phone=&#8220;30px|30px|20px|30px|false|true&#8220; box_shadow_style=&#8220;preset1&#8243; box_shadow_blur=&#8220;15px&#8220; box_shadow_color=&#8220;rgba(0,0,0,0.2)&#8220; box_shadow_vertical_tablet=&#8220;&#8220; box_shadow_vertical_phone=&#8220;0px&#8220; box_shadow_vertical_last_edited=&#8220;on|desktop&#8220; box_shadow_blur_tablet=&#8220;&#8220; box_shadow_blur_phone=&#8220;2px&#8220; box_shadow_blur_last_edited=&#8220;on|phone&#8220; global_colors_info=&#8220;{}&#8220;][et_pb_row _builder_version=&#8220;4.16&#8243; width=&#8220;100%&#8220; custom_padding=&#8220;0px||||false|false&#8220; global_colors_info=&#8220;{}&#8220;][et_pb_column type=&#8220;4_4&#8243; _builder_version=&#8220;4.16&#8243; global_colors_info=&#8220;{}&#8220;][et_pb_text _builder_version=&#8220;4.16&#8243; global_colors_info=&#8220;{}&#8220;]<\/p>\n<p class=\"ox-title ox-align-left ox-margin-bottom-large general_subtitles\">Werden auch Sie Teil unserer Erfolgsgeschichte und verkaufen Sie Ihre Produkte an 50 Millionen Privatpersonen und Unternehmen!<\/p>\n<p>[\/et_pb_text][\/et_pb_column][\/et_pb_row][et_pb_row column_structure=&#8220;1_2,1_2&#8243; _builder_version=&#8220;4.16&#8243; width=&#8220;100%&#8220; custom_margin=&#8220;0px||0px||false|false&#8220; custom_padding=&#8220;0px||0px||false|false&#8220; global_colors_info=&#8220;{}&#8220;][et_pb_column type=&#8220;1_2&#8243; _builder_version=&#8220;4.16&#8243; global_colors_info=&#8220;{}&#8220;][et_pb_text module_class=&#8220;custom-list-style smallline&#8220; _builder_version=&#8220;4.16&#8243; custom_margin=&#8220;0px||0px||false|false&#8220; custom_padding=&#8220;0px||0px||false|false&#8220; global_colors_info=&#8220;{}&#8220;]<span class=\"PBMainTxt\"><strong>Wie?<\/strong><\/span><\/p>\n<p>&nbsp;<\/p>\n<ul>\n<li>Erreichen Sie Ihre Kunden mit <strong>e-Commerce-L\u00f6sungen vom Marktf\u00fchrer New Oxatis<\/strong><\/li>\n<li>Nutzen Sie <strong>Marktpl\u00e4tze<\/strong>, Google Shopping, Vergleichsportale und weitere digitale Netzwerke<\/li>\n<li>Entdecken Sie unsere <strong>Multikanal-Vertriebsl\u00f6sung<\/strong><\/li>\n<\/ul>\n<p>[\/et_pb_text][\/et_pb_column][et_pb_column type=&#8220;1_2&#8243; _builder_version=&#8220;4.16&#8243; global_colors_info=&#8220;{}&#8220;][et_pb_text module_class=&#8220;custom-list-style smallline&#8220; _builder_version=&#8220;4.16&#8243; global_colors_info=&#8220;{}&#8220;]<\/p>\n<div class=\"ox-text agrumentlist phrase\">\n<p>Lassen Sie Ihre Preise einfach und schnell berechnen:<\/p>\n<p><strong>Preisberechnung f\u00fcr Ihre Seite und die Nutzung der e-Commerce-Plattform.<\/strong><\/p>\n<p>&nbsp;<\/p>\n<ul>\n<li>Vollkommen<strong>\u00a0transparet<\/strong><\/li>\n<li><strong>Schnell\u00a0<\/strong><\/li>\n<li>Ganz nach Ihren\u00a0<strong>Vorstellungen<\/strong><\/li>\n<\/ul>\n<\/div>\n<p>[\/et_pb_text][\/et_pb_column][\/et_pb_row][\/et_pb_section][et_pb_section fb_built=&#8220;1&#8243; _builder_version=&#8220;4.16&#8243; custom_padding=&#8220;5px|||||&#8220; global_colors_info=&#8220;{}&#8220;][et_pb_row column_structure=&#8220;1_2,1_2&#8243; use_custom_gutter=&#8220;on&#8220; gutter_width=&#8220;4&#8243; make_equal=&#8220;on&#8220; module_id=&#8220;oxTarifs&#8220; module_class=&#8220;section_Width&#8220; _builder_version=&#8220;4.16&#8243; width=&#8220;70%&#8220; custom_padding=&#8220;50px||||false|false&#8220; global_colors_info=&#8220;{}&#8220;][et_pb_column type=&#8220;1_2&#8243; _builder_version=&#8220;4.16&#8243; custom_padding=&#8220;0px|0px|0px|0px|false|false&#8220; custom_padding_tablet=&#8220;0px|0px|0px|0px|false|true&#8220; custom_padding_phone=&#8220;&#8220; custom_padding_last_edited=&#8220;on|phone&#8220; box_shadow_style=&#8220;preset3&#8243; box_shadow_vertical_tablet=&#8220;&#8220; box_shadow_vertical_phone=&#8220;0px&#8220; box_shadow_vertical_last_edited=&#8220;on|phone&#8220; box_shadow_blur_tablet=&#8220;&#8220; box_shadow_blur_phone=&#8220;2px&#8220; box_shadow_blur_last_edited=&#8220;on|phone&#8220; box_shadow_spread_tablet=&#8220;&#8220; box_shadow_spread_phone=&#8220;0px&#8220; box_shadow_spread_last_edited=&#8220;on|phone&#8220; global_colors_info=&#8220;{}&#8220;][et_pb_text _builder_version=&#8220;4.16&#8243; text_text_color=&#8220;#ffffff&#8220; header_2_text_color=&#8220;#ffffff&#8220; header_2_font_size=&#8220;34px&#8220; background_color=&#8220;#003469&#8243; custom_margin=&#8220;0px||0px||false|false&#8220; custom_margin_tablet=&#8220;0px||0px||false|false&#8220; custom_margin_phone=&#8220;&#8220; custom_margin_last_edited=&#8220;on|tablet&#8220; custom_padding=&#8220;30px||30px||true|false&#8220; global_colors_info=&#8220;{}&#8220;]<\/p>\n<h2 style=\"text-align: center;\"><span class=\"PBPTitle\">e-Commerce-Website<\/span><\/h2>\n<p>[\/et_pb_text][et_pb_text module_class=&#8220;custom-list-style smallline&#8220; _builder_version=&#8220;4.16&#8243; min_height=&#8220;220px&#8220; custom_margin=&#8220;||0px||false|false&#8220; custom_margin_tablet=&#8220;||||false|false&#8220; custom_margin_phone=&#8220;|auto||auto|false|false&#8220; custom_margin_last_edited=&#8220;on|tablet&#8220; custom_padding=&#8220;30px|50px|0px|50px|false|true&#8220; custom_padding_tablet=&#8220;&#8220; custom_padding_phone=&#8220;30px|30px|0px|30px|false|true&#8220; custom_padding_last_edited=&#8220;on|phone&#8220; global_colors_info=&#8220;{}&#8220;]<\/p>\n<ul>\n<li>Inklusive Abo-Preis f\u00fcr die e-Commerce-Plattform in Abh\u00e4ngigkeit Ihres Nutzungsgrades<\/li>\n<li>Inklusive Preis f\u00fcr die Entwicklung Ihrer e-Commerce-Website nach Ihren Bed\u00fcrfnissen<\/li>\n<\/ul>\n<p>[\/et_pb_text][et_pb_button button_url=&#8220;https:\/\/www.oxatis.com\/en\/plan-calculator-cms-b2c\/&#8220; button_text=&#8220;Mein Projekt absch\u00e4tzen&#8220; button_alignment=&#8220;center&#8220; _builder_version=&#8220;4.18.0&#8243; custom_margin=&#8220;||50px||false|false&#8220; hover_enabled=&#8220;0&#8243; global_colors_info=&#8220;{}&#8220; url_new_window=&#8220;on&#8220; sticky_enabled=&#8220;0&#8243;][\/et_pb_button][\/et_pb_column][et_pb_column type=&#8220;1_2&#8243; _builder_version=&#8220;4.16&#8243; custom_padding=&#8220;0px|0px|0px|0px|false|true&#8220; box_shadow_style=&#8220;preset3&#8243; box_shadow_vertical_tablet=&#8220;&#8220; box_shadow_vertical_phone=&#8220;0px&#8220; box_shadow_vertical_last_edited=&#8220;on|phone&#8220; box_shadow_blur_tablet=&#8220;&#8220; box_shadow_blur_phone=&#8220;2px&#8220; box_shadow_blur_last_edited=&#8220;on|phone&#8220; box_shadow_spread_tablet=&#8220;&#8220; box_shadow_spread_phone=&#8220;0px&#8220; box_shadow_spread_last_edited=&#8220;on|phone&#8220; global_colors_info=&#8220;{}&#8220;][et_pb_text _builder_version=&#8220;4.16&#8243; text_text_color=&#8220;#ffffff&#8220; header_text_color=&#8220;#ffffff&#8220; header_2_text_color=&#8220;#ffffff&#8220; header_2_font_size=&#8220;34px&#8220; background_color=&#8220;#051039&#8243; custom_margin=&#8220;||0px||false|false&#8220; custom_margin_tablet=&#8220;0px||0px||false|false&#8220; custom_margin_phone=&#8220;&#8220; custom_margin_last_edited=&#8220;on|phone&#8220; custom_padding=&#8220;30px|6px|30px|6px|true|true&#8220; global_colors_info=&#8220;{}&#8220;]<\/p>\n<h2 style=\"text-align: center;\"><span class=\"PBPTitle\">Multikanal-Vertrieb<\/span><\/h2>\n<p>[\/et_pb_text][et_pb_text module_class=&#8220;custom-list-style smallline&#8220; _builder_version=&#8220;4.16&#8243; text_text_color=&#8220;#333333&#8243; min_height=&#8220;220px&#8220; custom_margin=&#8220;0px||0px||false|false&#8220; custom_margin_tablet=&#8220;||||false|false&#8220; custom_margin_phone=&#8220;|auto||auto|false|false&#8220; custom_margin_last_edited=&#8220;on|tablet&#8220; custom_padding=&#8220;30px|50px||50px|false|true&#8220; custom_padding_tablet=&#8220;|50px||50px|false|true&#8220; custom_padding_phone=&#8220;30px|30px||30px|false|true&#8220; custom_padding_last_edited=&#8220;on|phone&#8220; global_colors_info=&#8220;{}&#8220;]Verkaufen Sie Ihre Produkte \u00fcber: \u00a0<\/p>\n<ul>\n<li>Google Shopping<\/li>\n<li>Marktpl\u00e4tze<\/li>\n<li>Vergleichsportale<\/li>\n<li>Digitale Anzeigenetzwerke<\/li>\n<\/ul>\n<p>[\/et_pb_text][et_pb_button button_url=&#8220;https:\/\/www.oxatis.com\/en\/feed-management-form\/&#8220; button_text=&#8220;Mein Projekt absch\u00e4tzen&#8220; button_alignment=&#8220;center&#8220; _builder_version=&#8220;4.18.0&#8243; custom_margin=&#8220;||50px|||&#8220; custom_margin_tablet=&#8220;||40px||false|false&#8220; custom_margin_phone=&#8220;&#8220; custom_margin_last_edited=&#8220;on|tablet&#8220; hover_enabled=&#8220;0&#8243; global_colors_info=&#8220;{}&#8220; url_new_window=&#8220;on&#8220; sticky_enabled=&#8220;0&#8243;][\/et_pb_button][\/et_pb_column][\/et_pb_row][\/et_pb_section]<\/p>\n","protected":false},"excerpt":{"rendered":"<p>Erhalten Sie innerhalb von f\u00fcnf Minuten ein f\u00fcr Sie passendes AngebotWerden auch Sie Teil unserer Erfolgsgeschichte und verkaufen Sie Ihre Produkte an 50 Millionen Privatpersonen und Unternehmen!Wie? &nbsp; Erreichen Sie Ihre Kunden mit e-Commerce-L\u00f6sungen vom Marktf\u00fchrer New Oxatis Nutzen Sie Marktpl\u00e4tze, Google Shopping, Vergleichsportale und weitere digitale Netzwerke Entdecken Sie unsere Multikanal-Vertriebsl\u00f6sung Lassen Sie Ihre [&hellip;]<\/p>\n","protected":false},"author":1,"featured_media":225642,"parent":0,"menu_order":0,"comment_status":"closed","ping_status":"closed","template":"","meta":{"_acf_changed":false,"_et_pb_use_builder":"on","_et_pb_old_content":"","_et_gb_content_width":"","footnotes":""},"wf_page_folders":[284],"class_list":["post-31923","page","type-page","status-publish","has-post-thumbnail","hentry"],"yoast_head":"<!-- This site is optimized with the Yoast SEO Premium plugin v19.3 (Yoast SEO v27.2) - https:\/\/yoast.com\/product\/yoast-seo-premium-wordpress\/ -->\n<title>Preise - Deutsch \/de\/<\/title>\n<meta name=\"description\" content=\"Wie hoch ist der Preis f\u00fcr ein Abonnement? Ohne Provision und ohne Verpflichtung, entdecken Sie jetzt die Preise von NewOxatis !\" \/>\n<meta name=\"robots\" content=\"index, follow, max-snippet:-1, max-image-preview:large, max-video-preview:-1\" \/>\n<link rel=\"canonical\" href=\"https:\/\/www.oxatis.com\/de\/preise\/\" \/>\n<meta property=\"og:locale\" content=\"de_DE\" \/>\n<meta property=\"og:type\" content=\"article\" \/>\n<meta property=\"og:title\" content=\"Preise\" \/>\n<meta property=\"og:description\" content=\"Wie hoch ist der Preis f\u00fcr ein Abonnement? Ohne Provision und ohne Verpflichtung, entdecken Sie jetzt die Preise von NewOxatis !\" \/>\n<meta property=\"og:url\" content=\"https:\/\/www.oxatis.com\/de\/preise\/\" \/>\n<meta property=\"og:site_name\" content=\"Deutsch \/de\/\" \/>\n<meta property=\"article:modified_time\" content=\"2024-09-10T12:58:45+00:00\" \/>\n<meta property=\"og:image\" content=\"https:\/\/www.oxatis.com\/de\/wp-content\/uploads\/sites\/10\/2022\/01\/macbook-client-and-backoffice.jpg\" \/>\n\t<meta property=\"og:image:width\" content=\"1500\" \/>\n\t<meta property=\"og:image:height\" content=\"1150\" \/>\n\t<meta property=\"og:image:type\" content=\"image\/jpeg\" \/>\n<meta name=\"twitter:card\" content=\"summary_large_image\" \/>\n<meta name=\"twitter:label1\" content=\"Gesch\u00e4tzte Lesezeit\" \/>\n\t<meta name=\"twitter:data1\" content=\"6\u00a0Minuten\" \/>\n<script type=\"application\/ld+json\" class=\"yoast-schema-graph\">{\"@context\":\"https:\/\/schema.org\",\"@graph\":[{\"@type\":\"WebPage\",\"@id\":\"https:\/\/www.oxatis.com\/de\/preise\/\",\"url\":\"https:\/\/www.oxatis.com\/de\/preise\/\",\"name\":\"Preise - Deutsch \/de\/\",\"isPartOf\":{\"@id\":\"https:\/\/www.oxatis.com\/de\/#website\"},\"primaryImageOfPage\":{\"@id\":\"https:\/\/www.oxatis.com\/de\/preise\/#primaryimage\"},\"image\":{\"@id\":\"https:\/\/www.oxatis.com\/de\/preise\/#primaryimage\"},\"thumbnailUrl\":\"https:\/\/www.oxatis.com\/de\/wp-content\/uploads\/sites\/10\/2022\/01\/macbook-client-and-backoffice.jpg\",\"datePublished\":\"2020-05-15T09:17:41+00:00\",\"dateModified\":\"2024-09-10T12:58:45+00:00\",\"description\":\"Wie hoch ist der Preis f\u00fcr ein Abonnement? Ohne Provision und ohne Verpflichtung, entdecken Sie jetzt die Preise von NewOxatis !\",\"breadcrumb\":{\"@id\":\"https:\/\/www.oxatis.com\/de\/preise\/#breadcrumb\"},\"inLanguage\":\"de\",\"potentialAction\":[{\"@type\":\"ReadAction\",\"target\":[\"https:\/\/www.oxatis.com\/de\/preise\/\"]}]},{\"@type\":\"ImageObject\",\"inLanguage\":\"de\",\"@id\":\"https:\/\/www.oxatis.com\/de\/preise\/#primaryimage\",\"url\":\"https:\/\/www.oxatis.com\/de\/wp-content\/uploads\/sites\/10\/2022\/01\/macbook-client-and-backoffice.jpg\",\"contentUrl\":\"https:\/\/www.oxatis.com\/de\/wp-content\/uploads\/sites\/10\/2022\/01\/macbook-client-and-backoffice.jpg\",\"width\":1500,\"height\":1150,\"caption\":\"Plateforme e-commerce\"},{\"@type\":\"BreadcrumbList\",\"@id\":\"https:\/\/www.oxatis.com\/de\/preise\/#breadcrumb\",\"itemListElement\":[{\"@type\":\"ListItem\",\"position\":1,\"name\":\"Accueil\",\"item\":\"https:\/\/www.oxatis.com\/de\/\"},{\"@type\":\"ListItem\",\"position\":2,\"name\":\"Preise\"}]},{\"@type\":\"WebSite\",\"@id\":\"https:\/\/www.oxatis.com\/de\/#website\",\"url\":\"https:\/\/www.oxatis.com\/de\/\",\"name\":\"Deutsch \/de\/\",\"description\":\"D\u00e9veloppez votre business en ligne\",\"potentialAction\":[{\"@type\":\"SearchAction\",\"target\":{\"@type\":\"EntryPoint\",\"urlTemplate\":\"https:\/\/www.oxatis.com\/de\/?s={search_term_string}\"},\"query-input\":{\"@type\":\"PropertyValueSpecification\",\"valueRequired\":true,\"valueName\":\"search_term_string\"}}],\"inLanguage\":\"de\"}]}<\/script>\n<!-- \/ Yoast SEO Premium plugin. -->","yoast_head_json":{"title":"Preise - Deutsch \/de\/","description":"Wie hoch ist der Preis f\u00fcr ein Abonnement? Ohne Provision und ohne Verpflichtung, entdecken Sie jetzt die Preise von NewOxatis !","robots":{"index":"index","follow":"follow","max-snippet":"max-snippet:-1","max-image-preview":"max-image-preview:large","max-video-preview":"max-video-preview:-1"},"canonical":"https:\/\/www.oxatis.com\/de\/preise\/","og_locale":"de_DE","og_type":"article","og_title":"Preise","og_description":"Wie hoch ist der Preis f\u00fcr ein Abonnement? Ohne Provision und ohne Verpflichtung, entdecken Sie jetzt die Preise von NewOxatis !","og_url":"https:\/\/www.oxatis.com\/de\/preise\/","og_site_name":"Deutsch \/de\/","article_modified_time":"2024-09-10T12:58:45+00:00","og_image":[{"width":1500,"height":1150,"url":"https:\/\/www.oxatis.com\/de\/wp-content\/uploads\/sites\/10\/2022\/01\/macbook-client-and-backoffice.jpg","type":"image\/jpeg"}],"twitter_card":"summary_large_image","twitter_misc":{"Gesch\u00e4tzte Lesezeit":"6\u00a0Minuten"},"schema":{"@context":"https:\/\/schema.org","@graph":[{"@type":"WebPage","@id":"https:\/\/www.oxatis.com\/de\/preise\/","url":"https:\/\/www.oxatis.com\/de\/preise\/","name":"Preise - Deutsch \/de\/","isPartOf":{"@id":"https:\/\/www.oxatis.com\/de\/#website"},"primaryImageOfPage":{"@id":"https:\/\/www.oxatis.com\/de\/preise\/#primaryimage"},"image":{"@id":"https:\/\/www.oxatis.com\/de\/preise\/#primaryimage"},"thumbnailUrl":"https:\/\/www.oxatis.com\/de\/wp-content\/uploads\/sites\/10\/2022\/01\/macbook-client-and-backoffice.jpg","datePublished":"2020-05-15T09:17:41+00:00","dateModified":"2024-09-10T12:58:45+00:00","description":"Wie hoch ist der Preis f\u00fcr ein Abonnement? Ohne Provision und ohne Verpflichtung, entdecken Sie jetzt die Preise von NewOxatis !","breadcrumb":{"@id":"https:\/\/www.oxatis.com\/de\/preise\/#breadcrumb"},"inLanguage":"de","potentialAction":[{"@type":"ReadAction","target":["https:\/\/www.oxatis.com\/de\/preise\/"]}]},{"@type":"ImageObject","inLanguage":"de","@id":"https:\/\/www.oxatis.com\/de\/preise\/#primaryimage","url":"https:\/\/www.oxatis.com\/de\/wp-content\/uploads\/sites\/10\/2022\/01\/macbook-client-and-backoffice.jpg","contentUrl":"https:\/\/www.oxatis.com\/de\/wp-content\/uploads\/sites\/10\/2022\/01\/macbook-client-and-backoffice.jpg","width":1500,"height":1150,"caption":"Plateforme e-commerce"},{"@type":"BreadcrumbList","@id":"https:\/\/www.oxatis.com\/de\/preise\/#breadcrumb","itemListElement":[{"@type":"ListItem","position":1,"name":"Accueil","item":"https:\/\/www.oxatis.com\/de\/"},{"@type":"ListItem","position":2,"name":"Preise"}]},{"@type":"WebSite","@id":"https:\/\/www.oxatis.com\/de\/#website","url":"https:\/\/www.oxatis.com\/de\/","name":"Deutsch \/de\/","description":"D\u00e9veloppez votre business en ligne","potentialAction":[{"@type":"SearchAction","target":{"@type":"EntryPoint","urlTemplate":"https:\/\/www.oxatis.com\/de\/?s={search_term_string}"},"query-input":{"@type":"PropertyValueSpecification","valueRequired":true,"valueName":"search_term_string"}}],"inLanguage":"de"}]}},"acf":[],"_links":{"self":[{"href":"https:\/\/www.oxatis.com\/de\/wp-json\/wp\/v2\/pages\/31923","targetHints":{"allow":["GET"]}}],"collection":[{"href":"https:\/\/www.oxatis.com\/de\/wp-json\/wp\/v2\/pages"}],"about":[{"href":"https:\/\/www.oxatis.com\/de\/wp-json\/wp\/v2\/types\/page"}],"author":[{"embeddable":true,"href":"https:\/\/www.oxatis.com\/de\/wp-json\/wp\/v2\/users\/1"}],"replies":[{"embeddable":true,"href":"https:\/\/www.oxatis.com\/de\/wp-json\/wp\/v2\/comments?post=31923"}],"version-history":[{"count":7,"href":"https:\/\/www.oxatis.com\/de\/wp-json\/wp\/v2\/pages\/31923\/revisions"}],"predecessor-version":[{"id":229159,"href":"https:\/\/www.oxatis.com\/de\/wp-json\/wp\/v2\/pages\/31923\/revisions\/229159"}],"wp:featuredmedia":[{"embeddable":true,"href":"https:\/\/www.oxatis.com\/de\/wp-json\/wp\/v2\/media\/225642"}],"wp:attachment":[{"href":"https:\/\/www.oxatis.com\/de\/wp-json\/wp\/v2\/media?parent=31923"}],"wp:term":[{"taxonomy":"wf_page_folders","embeddable":true,"href":"https:\/\/www.oxatis.com\/de\/wp-json\/wp\/v2\/wf_page_folders?post=31923"}],"curies":[{"name":"wp","href":"https:\/\/api.w.org\/{rel}","templated":true}]}}