{"id":32250,"date":"2020-05-20T10:49:21","date_gmt":"2020-05-20T10:49:21","guid":{"rendered":"https:\/\/www.oxatis.com\/rechtliche-hinweise\/"},"modified":"2026-03-16T15:40:38","modified_gmt":"2026-03-16T14:40:38","slug":"rechtliche-hinweise","status":"publish","type":"page","link":"https:\/\/www.oxatis.com\/de\/rechtliche-hinweise\/","title":{"rendered":"Rechtliche Hinweise"},"content":{"rendered":"\n[et_pb_section fb_built=&#8220;1&#8243; admin_label=&#8220;section&#8220; _builder_version=&#8220;4.16&#8243; background_image=&#8220;https:\/\/www.oxatis.com\/wp-content\/uploads\/2020\/08\/background_cgu_2.png&#8220; background_size=&#8220;contain&#8220; global_colors_info=&#8220;{}&#8220;][et_pb_row admin_label=&#8220;row&#8220; _builder_version=&#8220;4.16&#8243; background_size=&#8220;initial&#8220; background_position=&#8220;top_left&#8220; background_repeat=&#8220;repeat&#8220; width=&#8220;55%&#8220; global_colors_info=&#8220;{}&#8220;][et_pb_column type=&#8220;4_4&#8243; _builder_version=&#8220;4.16&#8243; custom_padding=&#8220;|||&#8220; global_colors_info=&#8220;{}&#8220; custom_padding__hover=&#8220;|||&#8220;][et_pb_code admin_label=&#8220;header and breadcrump blanc&#8220; _builder_version=&#8220;4.17.6&#8243; max_height=&#8220;0px&#8220; custom_margin=&#8220;0px|0px|0px|0px|false|false&#8220; custom_padding=&#8220;0px|0px|0px|0px|false|false&#8220; global_module=&#8220;35596&#8243; saved_tabs=&#8220;all&#8220; global_colors_info=&#8220;{}&#8220;]<style type=\"text\/css\"><!-- [et_pb_line_break_holder] -->\/*header*\/<!-- [et_pb_line_break_holder] --><!-- [et_pb_line_break_holder] -->#admenu .et_pb_menu_1_tb_header.et_pb_menu ul li a, #admenu .et_pb_menu_0_tb_header.et_pb_menu ul li a {<!-- [et_pb_line_break_holder] -->    color: rgba(32,35,119,1) !important;<!-- [et_pb_line_break_holder] -->    font-size:18px !important;<!-- [et_pb_line_break_holder] -->}<!-- [et_pb_line_break_holder] --><!-- [et_pb_line_break_holder] -->  #admenu.sticky .et_pb_menu_1_tb_header.et_pb_menu ul li a, #admenu.sticky .et_pb_menu_0_tb_header.et_pb_menu ul li a {<!-- [et_pb_line_break_holder] -->    color: rgba(32,35,119,1) !important;<!-- [et_pb_line_break_holder] -->    font-size:16px !important;<!-- [et_pb_line_break_holder] -->    <!-- [et_pb_line_break_holder] -->}<!-- [et_pb_line_break_holder] -->#admenu .et_pb_menu_1_tb_header.et_pb_menu .nav li ul.sub-menu .latestnews a, #admenu .et_pb_menu_0_tb_header.et_pb_menu .nav li ul.sub-menu .latestnews a {<!-- [et_pb_line_break_holder] -->    font-size:0.75em !important;<!-- [et_pb_line_break_holder] -->    opacity:0.75;<!-- [et_pb_line_break_holder] -->  }<!-- [et_pb_line_break_holder] -->  #admenu,<!-- [et_pb_line_break_holder] -->  .et-db #et-boc .et-l .et_pb_section_1_tb_header.et_pb_section,  .et-db #et-boc .et-0 .et_pb_section_0_tb_header.et_pb_section {<!-- [et_pb_line_break_holder] -->    padding-top: 15px;<!-- [et_pb_line_break_holder] -->    background-color: #ffffff !important;<!-- [et_pb_line_break_holder] -->    box-shadow: 0px 0px 18px -6px rgba(0,0,0,0.3);<!-- [et_pb_line_break_holder] -->    padding-top: 0px;<!-- [et_pb_line_break_holder] -->    z-index:4;<!-- [et_pb_line_break_holder] -->}<!-- [et_pb_line_break_holder] -->  <!-- [et_pb_line_break_holder] -->  #admenu .new_oxatis_lighter .et_pb_image_wrap img {<!-- [et_pb_line_break_holder] -->    opacity:0;<!-- [et_pb_line_break_holder] -->  }<!-- [et_pb_line_break_holder] -->    #admenu .new_oxatis_darker .et_pb_image_wrap img {<!-- [et_pb_line_break_holder] -->    opacity:1;<!-- [et_pb_line_break_holder] -->  }<!-- [et_pb_line_break_holder] -->    #admenu.sticky .new_oxatis_lighter .et_pb_image_wrap img {<!-- [et_pb_line_break_holder] -->    opacity:0;<!-- [et_pb_line_break_holder] -->  }<!-- [et_pb_line_break_holder] -->    #admenu.sticky .new_oxatis_darker .et_pb_image_wrap img {<!-- [et_pb_line_break_holder] -->    opacity:1;<!-- [et_pb_line_break_holder] -->  }<!-- [et_pb_line_break_holder] -->@media only screen and ( max-width: 1180px ) {<!-- [et_pb_line_break_holder] -->  #admenu #realheader .et_pb_menu_1_tb_header .mobile_nav .mobile_menu_bar:before,  #admenu #realheader .et_pb_menu_0_tb_header .mobile_nav .mobile_menu_bar:before {<!-- [et_pb_line_break_holder] -->    color: #202377 !important;<!-- [et_pb_line_break_holder] -->}<!-- [et_pb_line_break_holder] -->  }<!-- [et_pb_line_break_holder] -->  @media screen and (max-width:1366px) and (min-width:1024px) {<!-- [et_pb_line_break_holder] -->    #admenu .et_pb_menu_1_tb_header.et_pb_menu ul li a, #admenu .et_pb_menu_0_tb_header.et_pb_menu ul li a {<!-- [et_pb_line_break_holder] -->    color: rgba(32,35,119,1) !important;<!-- [et_pb_line_break_holder] -->    font-size:16px !important;<!-- [et_pb_line_break_holder] -->}<!-- [et_pb_line_break_holder] -->    <!-- [et_pb_line_break_holder] -->  #admenu.sticky .et_pb_menu_1_tb_header.et_pb_menu ul li a, #admenu.sticky .et_pb_menu_0_tb_header.et_pb_menu ul li a {<!-- [et_pb_line_break_holder] -->    color: rgba(32,35,119,1) !important;<!-- [et_pb_line_break_holder] -->    font-size:14px !important;<!-- [et_pb_line_break_holder] -->    <!-- [et_pb_line_break_holder] -->}<!-- [et_pb_line_break_holder] -->  }<!-- [et_pb_line_break_holder] --><!-- [et_pb_line_break_holder] -->#admenu .et_pb_menu_1_tb_header.et_pb_menu ul li a, #admenu .et_pb_menu_0_tb_header.et_pb_menu ul li a {<!-- [et_pb_line_break_holder] -->    color: rgba(32,35,119,1) !important;<!-- [et_pb_line_break_holder] -->}<!-- [et_pb_line_break_holder] -->  \/*Breadcrump*\/<!-- [et_pb_line_break_holder] --><!-- [et_pb_line_break_holder] -->.widget_breadcrumb_navxt {<!-- [et_pb_line_break_holder] -->\tcolor: #abb9c3;<!-- [et_pb_line_break_holder] -->\tmargin-bottom:30px !important;<!-- [et_pb_line_break_holder] -->\twidth: 100% !important;<!-- [et_pb_line_break_holder] -->\tfont-size:0.85em;<!-- [et_pb_line_break_holder] -->}<!-- [et_pb_line_break_holder] -->.widget_breadcrumb_navxt span {<!-- [et_pb_line_break_holder] -->\tcolor: rgba(32,35,119,.55);<!-- [et_pb_line_break_holder] -->}<!-- [et_pb_line_break_holder] -->  @media screen and (max-width:680px) {<!-- [et_pb_line_break_holder] -->        #admenu #realheader .et_pb_menu_1_tb_header .mobile_nav .mobile_menu_bar:before, #admenu #realheader .et_pb_menu_0_tb_header .mobile_nav .mobile_menu_bar:before {<!-- [et_pb_line_break_holder] -->          color: #202377;<!-- [et_pb_line_break_holder] -->    }<!-- [et_pb_line_break_holder] -->  } <!-- [et_pb_line_break_holder] --><\/style>[\/et_pb_code][et_pb_code _builder_version=&#8220;4.16&#8243; custom_margin=&#8220;0px|0px|0px|0px|true|true&#8220; custom_padding=&#8220;0px|0px|0px|0px|true|true&#8220; global_colors_info=&#8220;{}&#8220;]<style type=\"text\/css\"><!-- [et_pb_line_break_holder] -->\/*header*\/<!-- [et_pb_line_break_holder] --><!-- [et_pb_line_break_holder] -->#admenu .et_pb_menu_1_tb_header.et_pb_menu ul li a {<!-- [et_pb_line_break_holder] -->    color: rgba(0,0,0,1) !important;<!-- [et_pb_line_break_holder] -->    font-size:18px !important;<!-- [et_pb_line_break_holder] -->}<!-- [et_pb_line_break_holder] -->  #admenu .et_pb_menu_1_tb_header.et_pb_menu ul li ul li a {<!-- [et_pb_line_break_holder] -->    color: rgba(0,0,0,1) !important;<!-- [et_pb_line_break_holder] -->    font-size:16px !important;<!-- [et_pb_line_break_holder] -->}<!-- [et_pb_line_break_holder] -->  #admenu.sticky .et_pb_menu_1_tb_header.et_pb_menu ul li a {<!-- [et_pb_line_break_holder] -->    color: rgba(0,0,0,1) !important;<!-- [et_pb_line_break_holder] -->    font-size:16px !important;<!-- [et_pb_line_break_holder] -->    <!-- [et_pb_line_break_holder] -->}<!-- [et_pb_line_break_holder] -->#admenu .et_pb_menu_1_tb_header.et_pb_menu .nav li ul.sub-menu .latestnews a {<!-- [et_pb_line_break_holder] -->    font-size:0.75em !important;<!-- [et_pb_line_break_holder] -->    opacity:0.75;<!-- [et_pb_line_break_holder] -->  }<!-- [et_pb_line_break_holder] -->  #admenu,<!-- [et_pb_line_break_holder] -->  .et-db #et-boc .et-l .et_pb_section_1_tb_header.et_pb_section {<!-- [et_pb_line_break_holder] -->    padding-top: 15px;<!-- [et_pb_line_break_holder] -->    background-color: #ffffff !important;<!-- [et_pb_line_break_holder] -->    box-shadow: 0px 0px 18px -6px rgba(0,0,0,0.3);<!-- [et_pb_line_break_holder] -->    padding-top: 0px;<!-- [et_pb_line_break_holder] -->    z-index:4;<!-- [et_pb_line_break_holder] -->}<!-- [et_pb_line_break_holder] -->  <!-- [et_pb_line_break_holder] -->  #admenu .new_oxatis_lighter .et_pb_image_wrap img {<!-- [et_pb_line_break_holder] -->    opacity:0;<!-- [et_pb_line_break_holder] -->  }<!-- [et_pb_line_break_holder] -->    #admenu .new_oxatis_darker .et_pb_image_wrap img {<!-- [et_pb_line_break_holder] -->    opacity:1;<!-- [et_pb_line_break_holder] -->  }<!-- [et_pb_line_break_holder] -->    #admenu.sticky .new_oxatis_lighter .et_pb_image_wrap img {<!-- [et_pb_line_break_holder] -->    opacity:0;<!-- [et_pb_line_break_holder] -->  }<!-- [et_pb_line_break_holder] -->    #admenu.sticky .new_oxatis_darker .et_pb_image_wrap img {<!-- [et_pb_line_break_holder] -->    opacity:1;<!-- [et_pb_line_break_holder] -->  }<!-- [et_pb_line_break_holder] --><!-- [et_pb_line_break_holder] -->  @media screen and (max-width:1366px) and (min-width:1024px) {<!-- [et_pb_line_break_holder] -->    #admenu .et_pb_menu_1_tb_header.et_pb_menu ul li a {<!-- [et_pb_line_break_holder] -->    color: rgba(0,0,0,1) !important;<!-- [et_pb_line_break_holder] -->    font-size:16px !important;<!-- [et_pb_line_break_holder] -->}<!-- [et_pb_line_break_holder] -->    <!-- [et_pb_line_break_holder] -->  #admenu.sticky .et_pb_menu_1_tb_header.et_pb_menu ul li a {<!-- [et_pb_line_break_holder] -->    color: rgba(0,0,0,1) !important;<!-- [et_pb_line_break_holder] -->    font-size:14px !important;<!-- [et_pb_line_break_holder] -->    <!-- [et_pb_line_break_holder] -->}<!-- [et_pb_line_break_holder] -->  }<!-- [et_pb_line_break_holder] --><!-- [et_pb_line_break_holder] -->#admenu .et_pb_menu_1_tb_header.et_pb_menu ul li a {<!-- [et_pb_line_break_holder] -->    color: rgba(0,0,0,1) !important;<!-- [et_pb_line_break_holder] -->}<!-- [et_pb_line_break_holder] -->  \/*Breadcrump*\/<!-- [et_pb_line_break_holder] --><!-- [et_pb_line_break_holder] -->.widget_breadcrumb_navxt {<!-- [et_pb_line_break_holder] -->\tcolor: #abb9c3;<!-- [et_pb_line_break_holder] -->\tmargin-bottom:30px !important;<!-- [et_pb_line_break_holder] -->\twidth: 100% !important;<!-- [et_pb_line_break_holder] -->\tfont-size:0.85em;<!-- [et_pb_line_break_holder] -->}<!-- [et_pb_line_break_holder] -->.widget_breadcrumb_navxt span {<!-- [et_pb_line_break_holder] -->\tcolor: rgba(0,0,0,0.55);<!-- [et_pb_line_break_holder] -->}<!-- [et_pb_line_break_holder] --><\/style>[\/et_pb_code][et_pb_text admin_label=&#8220;Text&#8220; _builder_version=&#8220;4.18.0&#8243; background_size=&#8220;initial&#8220; background_position=&#8220;top_left&#8220; background_repeat=&#8220;repeat&#8220; hover_enabled=&#8220;0&#8243; global_colors_info=&#8220;{}&#8220; sticky_enabled=&#8220;0&#8243;]<!-- divi:heading -->\n<h1>Rechtliche Hinweise<\/h1>\n&nbsp;\n\n<strong>New OXATIS SAS<\/strong> &#8211; Aktienkapital 6.155.000\u20ac\nParc club du mill\u00e9naire &#8211; bat. 24\n1025 avenue Henri Becquerel\n34000 Montpellier, Frankreich\nT\u00e9l. : 04.86.26.26.26 &#8211; Fax : 04.86.26.26.03\nEmail : inf@oxatis.com\nRCS Marseille 831 239 744 &#8211; SIRET: 831 239 744 00012\nNII: FR79831239744\nHost: Kinsta\nLeitender Redakteur: Laurent Bouchou\n\n&nbsp;\n<h2>Diskretion<\/h2>\n&nbsp;\n\nPersonenbezogene Daten zu Nutzern von NEW OXATIS werden gesammelt, gespeichert und aufbewahrt. Dies geschieht gem\u00e4\u00df der Voraussetzungen des Gesetzes zu Informatik, Karteien und Meinungsfreiheit vom 6. Januar 1978, bearbeitet im August 2004. Mitglieder haben gem\u00e4\u00df dieses Gesetzes das Recht auf Zugriff und Berichtigung . Zur Aus\u00fcbung dieses Rechts wenden Sie sich bitte schriftlich an: NEW OXATIS, 171 bis chemin de la madrague ville, 13002 Marseille.\n\n<strong>Weitere Informationen finden Sie in den AGB (Allgemeine Gesch\u00e4ftsbedingungen)<\/strong>.\n\nDas Sammeln und Verwenden Ihrer pers\u00f6nlichen Daten von Newsletter-Kunden von NEW OXATIS\n\nDiese Informationen sind notwendig, um die Abwicklung und den Ablauf der Transaktion zu gew\u00e4hrleisten und um die von NEW OXATIS angebotenen Dienstleistungen zu verbessern. Zu ebenjener Personalisierung dienen auch die Cookies, die uns Ihren Besuch auf unserer Seite anzeigen.\n\nDie auf der Seite gesammelten Informationen k\u00f6nnen innerhalb des Unternehmens OXATIS und seiner unterstellten Zweigstellen geteilt werden.\n\nSie k\u00f6nnen von NEW OXATIS unterschiedliche Arten von Nachrichten erhalten (Informationsschreiben, Beratungen, Umfragen, allgemeine Informationen zum Unternehmen, etc.), von denen Sie sich wie in den AGB beschrieben jederzeit abmelden k\u00f6nnen.\n\n&nbsp;\n\n<!-- \/divi:heading -->[\/et_pb_text][\/et_pb_column][\/et_pb_row][\/et_pb_section]\n","protected":false},"excerpt":{"rendered":"<p>Rechtliche Hinweise &nbsp; New OXATIS SAS &#8211; Aktienkapital 6.155.000\u20ac Parc club du mill\u00e9naire &#8211; bat. 24 1025 avenue Henri Becquerel 34000 Montpellier, Frankreich T\u00e9l. : 04.86.26.26.26 &#8211; Fax : 04.86.26.26.03 Email : inf@oxatis.com RCS Marseille 831 239 744 &#8211; SIRET: 831 239 744 00012 NII: FR79831239744 Host: Kinsta Leitender Redakteur: Laurent Bouchou &nbsp; Diskretion &nbsp; [&hellip;]<\/p>\n","protected":false},"author":1,"featured_media":0,"parent":0,"menu_order":0,"comment_status":"closed","ping_status":"open","template":"","meta":{"_acf_changed":false,"_et_pb_use_builder":"on","_et_pb_old_content":"","_et_gb_content_width":"","footnotes":""},"wf_page_folders":[199],"class_list":["post-32250","page","type-page","status-publish","hentry"],"yoast_head":"<!-- This site is optimized with the Yoast SEO Premium plugin v19.3 (Yoast SEO v27.2) - https:\/\/yoast.com\/product\/yoast-seo-premium-wordpress\/ -->\n<title>Rechtliche Hinweise - Deutsch \/de\/<\/title>\n<meta name=\"description\" content=\"Bitte beachten Sie die rechtlichen Hinweise zu New Oxatis, der 100% franz\u00f6sischen E-Commerce-L\u00f6sung. Bei Fragen kontaktieren Sie uns bitte!\" \/>\n<meta name=\"robots\" content=\"index, follow, max-snippet:-1, max-image-preview:large, max-video-preview:-1\" \/>\n<link rel=\"canonical\" href=\"https:\/\/www.oxatis.com\/de\/rechtliche-hinweise\/\" \/>\n<meta property=\"og:locale\" content=\"de_DE\" \/>\n<meta property=\"og:type\" content=\"article\" \/>\n<meta property=\"og:title\" content=\"Rechtliche Hinweise\" \/>\n<meta property=\"og:description\" content=\"Bitte beachten Sie die rechtlichen Hinweise zu New Oxatis, der 100% franz\u00f6sischen E-Commerce-L\u00f6sung. Bei Fragen kontaktieren Sie uns bitte!\" \/>\n<meta property=\"og:url\" content=\"https:\/\/www.oxatis.com\/de\/rechtliche-hinweise\/\" \/>\n<meta property=\"og:site_name\" content=\"Deutsch \/de\/\" \/>\n<meta property=\"article:modified_time\" content=\"2026-03-16T14:40:38+00:00\" \/>\n<meta name=\"twitter:card\" content=\"summary_large_image\" \/>\n<meta name=\"twitter:label1\" content=\"Gesch\u00e4tzte Lesezeit\" \/>\n\t<meta name=\"twitter:data1\" content=\"2\u00a0Minuten\" \/>\n<script type=\"application\/ld+json\" class=\"yoast-schema-graph\">{\"@context\":\"https:\/\/schema.org\",\"@graph\":[{\"@type\":\"WebPage\",\"@id\":\"https:\/\/www.oxatis.com\/de\/rechtliche-hinweise\/\",\"url\":\"https:\/\/www.oxatis.com\/de\/rechtliche-hinweise\/\",\"name\":\"Rechtliche Hinweise - Deutsch \/de\/\",\"isPartOf\":{\"@id\":\"https:\/\/www.oxatis.com\/de\/#website\"},\"datePublished\":\"2020-05-20T10:49:21+00:00\",\"dateModified\":\"2026-03-16T14:40:38+00:00\",\"description\":\"Bitte beachten Sie die rechtlichen Hinweise zu New Oxatis, der 100% franz\u00f6sischen E-Commerce-L\u00f6sung. Bei Fragen kontaktieren Sie uns bitte!\",\"breadcrumb\":{\"@id\":\"https:\/\/www.oxatis.com\/de\/rechtliche-hinweise\/#breadcrumb\"},\"inLanguage\":\"de\",\"potentialAction\":[{\"@type\":\"ReadAction\",\"target\":[\"https:\/\/www.oxatis.com\/de\/rechtliche-hinweise\/\"]}]},{\"@type\":\"BreadcrumbList\",\"@id\":\"https:\/\/www.oxatis.com\/de\/rechtliche-hinweise\/#breadcrumb\",\"itemListElement\":[{\"@type\":\"ListItem\",\"position\":1,\"name\":\"Accueil\",\"item\":\"https:\/\/www.oxatis.com\/de\/\"},{\"@type\":\"ListItem\",\"position\":2,\"name\":\"Rechtliche Hinweise\"}]},{\"@type\":\"WebSite\",\"@id\":\"https:\/\/www.oxatis.com\/de\/#website\",\"url\":\"https:\/\/www.oxatis.com\/de\/\",\"name\":\"Deutsch \/de\/\",\"description\":\"D\u00e9veloppez votre business en ligne\",\"potentialAction\":[{\"@type\":\"SearchAction\",\"target\":{\"@type\":\"EntryPoint\",\"urlTemplate\":\"https:\/\/www.oxatis.com\/de\/?s={search_term_string}\"},\"query-input\":{\"@type\":\"PropertyValueSpecification\",\"valueRequired\":true,\"valueName\":\"search_term_string\"}}],\"inLanguage\":\"de\"}]}<\/script>\n<!-- \/ Yoast SEO Premium plugin. -->","yoast_head_json":{"title":"Rechtliche Hinweise - Deutsch \/de\/","description":"Bitte beachten Sie die rechtlichen Hinweise zu New Oxatis, der 100% franz\u00f6sischen E-Commerce-L\u00f6sung. Bei Fragen kontaktieren Sie uns bitte!","robots":{"index":"index","follow":"follow","max-snippet":"max-snippet:-1","max-image-preview":"max-image-preview:large","max-video-preview":"max-video-preview:-1"},"canonical":"https:\/\/www.oxatis.com\/de\/rechtliche-hinweise\/","og_locale":"de_DE","og_type":"article","og_title":"Rechtliche Hinweise","og_description":"Bitte beachten Sie die rechtlichen Hinweise zu New Oxatis, der 100% franz\u00f6sischen E-Commerce-L\u00f6sung. Bei Fragen kontaktieren Sie uns bitte!","og_url":"https:\/\/www.oxatis.com\/de\/rechtliche-hinweise\/","og_site_name":"Deutsch \/de\/","article_modified_time":"2026-03-16T14:40:38+00:00","twitter_card":"summary_large_image","twitter_misc":{"Gesch\u00e4tzte Lesezeit":"2\u00a0Minuten"},"schema":{"@context":"https:\/\/schema.org","@graph":[{"@type":"WebPage","@id":"https:\/\/www.oxatis.com\/de\/rechtliche-hinweise\/","url":"https:\/\/www.oxatis.com\/de\/rechtliche-hinweise\/","name":"Rechtliche Hinweise - Deutsch \/de\/","isPartOf":{"@id":"https:\/\/www.oxatis.com\/de\/#website"},"datePublished":"2020-05-20T10:49:21+00:00","dateModified":"2026-03-16T14:40:38+00:00","description":"Bitte beachten Sie die rechtlichen Hinweise zu New Oxatis, der 100% franz\u00f6sischen E-Commerce-L\u00f6sung. Bei Fragen kontaktieren Sie uns bitte!","breadcrumb":{"@id":"https:\/\/www.oxatis.com\/de\/rechtliche-hinweise\/#breadcrumb"},"inLanguage":"de","potentialAction":[{"@type":"ReadAction","target":["https:\/\/www.oxatis.com\/de\/rechtliche-hinweise\/"]}]},{"@type":"BreadcrumbList","@id":"https:\/\/www.oxatis.com\/de\/rechtliche-hinweise\/#breadcrumb","itemListElement":[{"@type":"ListItem","position":1,"name":"Accueil","item":"https:\/\/www.oxatis.com\/de\/"},{"@type":"ListItem","position":2,"name":"Rechtliche Hinweise"}]},{"@type":"WebSite","@id":"https:\/\/www.oxatis.com\/de\/#website","url":"https:\/\/www.oxatis.com\/de\/","name":"Deutsch \/de\/","description":"D\u00e9veloppez votre business en ligne","potentialAction":[{"@type":"SearchAction","target":{"@type":"EntryPoint","urlTemplate":"https:\/\/www.oxatis.com\/de\/?s={search_term_string}"},"query-input":{"@type":"PropertyValueSpecification","valueRequired":true,"valueName":"search_term_string"}}],"inLanguage":"de"}]}},"acf":[],"_links":{"self":[{"href":"https:\/\/www.oxatis.com\/de\/wp-json\/wp\/v2\/pages\/32250","targetHints":{"allow":["GET"]}}],"collection":[{"href":"https:\/\/www.oxatis.com\/de\/wp-json\/wp\/v2\/pages"}],"about":[{"href":"https:\/\/www.oxatis.com\/de\/wp-json\/wp\/v2\/types\/page"}],"author":[{"embeddable":true,"href":"https:\/\/www.oxatis.com\/de\/wp-json\/wp\/v2\/users\/1"}],"replies":[{"embeddable":true,"href":"https:\/\/www.oxatis.com\/de\/wp-json\/wp\/v2\/comments?post=32250"}],"version-history":[{"count":11,"href":"https:\/\/www.oxatis.com\/de\/wp-json\/wp\/v2\/pages\/32250\/revisions"}],"predecessor-version":[{"id":229170,"href":"https:\/\/www.oxatis.com\/de\/wp-json\/wp\/v2\/pages\/32250\/revisions\/229170"}],"wp:attachment":[{"href":"https:\/\/www.oxatis.com\/de\/wp-json\/wp\/v2\/media?parent=32250"}],"wp:term":[{"taxonomy":"wf_page_folders","embeddable":true,"href":"https:\/\/www.oxatis.com\/de\/wp-json\/wp\/v2\/wf_page_folders?post=32250"}],"curies":[{"name":"wp","href":"https:\/\/api.w.org\/{rel}","templated":true}]}}