{"id":229795,"date":"2024-02-06T17:22:46","date_gmt":"2024-02-06T16:22:46","guid":{"rendered":"https:\/\/www.oxatis.com\/es\/declaracion-de-privacidad-ue\/"},"modified":"2024-02-06T17:53:22","modified_gmt":"2024-02-06T16:53:22","slug":"declaracion-de-privacidad-ue","status":"publish","type":"page","link":"https:\/\/www.oxatis.com\/es\/declaracion-de-privacidad-ue\/","title":{"rendered":"Declaraci\u00f3n de privacidad (UE)"},"content":{"rendered":"<p>[et_pb_section fb_built=\u00bb1&#8243; admin_label=\u00bbsection\u00bb _builder_version=\u00bb4.18.0&#8243; background_size=\u00bbcontain\u00bb hover_enabled=\u00bb0&#8243; global_colors_info=\u00bb{}\u00bb theme_builder_area=\u00bbpost_content\u00bb background_enable_image=\u00bboff\u00bb sticky_enabled=\u00bb0&#8243;][et_pb_row admin_label=\u00bbrow\u00bb _builder_version=\u00bb4.16&#8243; background_size=\u00bbinitial\u00bb background_position=\u00bbtop_left\u00bb background_repeat=\u00bbrepeat\u00bb width=\u00bb55%\u00bb global_colors_info=\u00bb{}\u00bb theme_builder_area=\u00bbpost_content\u00bb][et_pb_column type=\u00bb4_4&#8243; _builder_version=\u00bb4.16&#8243; custom_padding=\u00bb|||\u00bb global_colors_info=\u00bb{}\u00bb custom_padding__hover=\u00bb|||\u00bb theme_builder_area=\u00bbpost_content\u00bb][et_pb_code admin_label=\u00bbheader and breadcrump blanc\u00bb _builder_version=\u00bb4.17.6&#8243; max_height=\u00bb0px\u00bb custom_margin=\u00bb0px|0px|0px|0px|false|false\u00bb custom_padding=\u00bb0px|0px|0px|0px|false|false\u00bb global_module=\u00bb35596&#8243; global_colors_info=\u00bb{}\u00bb theme_builder_area=\u00bbpost_content\u00bb]<\/p>\n<style type=\"text\/css\"><!-- [et_pb_line_break_holder] -->\/*header*\/<!-- [et_pb_line_break_holder] --><!-- [et_pb_line_break_holder] -->#admenu .et_pb_menu_1_tb_header.et_pb_menu ul li a, #admenu .et_pb_menu_0_tb_header.et_pb_menu ul li a {<!-- [et_pb_line_break_holder] -->    color: rgba(32,35,119,1) !important;<!-- [et_pb_line_break_holder] -->    font-size:18px !important;<!-- [et_pb_line_break_holder] -->}<!-- [et_pb_line_break_holder] --><!-- [et_pb_line_break_holder] -->  #admenu.sticky .et_pb_menu_1_tb_header.et_pb_menu ul li a, #admenu.sticky .et_pb_menu_0_tb_header.et_pb_menu ul li a {<!-- [et_pb_line_break_holder] -->    color: rgba(32,35,119,1) !important;<!-- [et_pb_line_break_holder] -->    font-size:16px !important;<!-- [et_pb_line_break_holder] -->    <!-- [et_pb_line_break_holder] -->}<!-- [et_pb_line_break_holder] -->#admenu .et_pb_menu_1_tb_header.et_pb_menu .nav li ul.sub-menu .latestnews a, #admenu .et_pb_menu_0_tb_header.et_pb_menu .nav li ul.sub-menu .latestnews a {<!-- [et_pb_line_break_holder] -->    font-size:0.75em !important;<!-- [et_pb_line_break_holder] -->    opacity:0.75;<!-- [et_pb_line_break_holder] -->  }<!-- [et_pb_line_break_holder] -->  #admenu,<!-- [et_pb_line_break_holder] -->  .et-db #et-boc .et-l .et_pb_section_1_tb_header.et_pb_section,  .et-db #et-boc .et-0 .et_pb_section_0_tb_header.et_pb_section {<!-- [et_pb_line_break_holder] -->    padding-top: 15px;<!-- [et_pb_line_break_holder] -->    background-color: #ffffff !important;<!-- [et_pb_line_break_holder] -->    box-shadow: 0px 0px 18px -6px rgba(0,0,0,0.3);<!-- [et_pb_line_break_holder] -->    padding-top: 0px;<!-- [et_pb_line_break_holder] -->    z-index:4;<!-- [et_pb_line_break_holder] -->}<!-- [et_pb_line_break_holder] -->  <!-- [et_pb_line_break_holder] -->  #admenu .new_oxatis_lighter .et_pb_image_wrap img {<!-- [et_pb_line_break_holder] -->    opacity:0;<!-- [et_pb_line_break_holder] -->  }<!-- [et_pb_line_break_holder] -->    #admenu .new_oxatis_darker .et_pb_image_wrap img {<!-- [et_pb_line_break_holder] -->    opacity:1;<!-- [et_pb_line_break_holder] -->  }<!-- [et_pb_line_break_holder] -->    #admenu.sticky .new_oxatis_lighter .et_pb_image_wrap img {<!-- [et_pb_line_break_holder] -->    opacity:0;<!-- [et_pb_line_break_holder] -->  }<!-- [et_pb_line_break_holder] -->    #admenu.sticky .new_oxatis_darker .et_pb_image_wrap img {<!-- [et_pb_line_break_holder] -->    opacity:1;<!-- [et_pb_line_break_holder] -->  }<!-- [et_pb_line_break_holder] -->@media only screen and ( max-width: 1180px ) {<!-- [et_pb_line_break_holder] -->  #admenu #realheader .et_pb_menu_1_tb_header .mobile_nav .mobile_menu_bar:before,  #admenu #realheader .et_pb_menu_0_tb_header .mobile_nav .mobile_menu_bar:before {<!-- [et_pb_line_break_holder] -->    color: #202377 !important;<!-- [et_pb_line_break_holder] -->}<!-- [et_pb_line_break_holder] -->  }<!-- [et_pb_line_break_holder] -->  @media screen and (max-width:1366px) and (min-width:1024px) {<!-- [et_pb_line_break_holder] -->    #admenu .et_pb_menu_1_tb_header.et_pb_menu ul li a, #admenu .et_pb_menu_0_tb_header.et_pb_menu ul li a {<!-- [et_pb_line_break_holder] -->    color: rgba(32,35,119,1) !important;<!-- [et_pb_line_break_holder] -->    font-size:16px !important;<!-- [et_pb_line_break_holder] -->}<!-- [et_pb_line_break_holder] -->    <!-- [et_pb_line_break_holder] -->  #admenu.sticky .et_pb_menu_1_tb_header.et_pb_menu ul li a, #admenu.sticky .et_pb_menu_0_tb_header.et_pb_menu ul li a {<!-- [et_pb_line_break_holder] -->    color: rgba(32,35,119,1) !important;<!-- [et_pb_line_break_holder] -->    font-size:14px !important;<!-- [et_pb_line_break_holder] -->    <!-- [et_pb_line_break_holder] -->}<!-- [et_pb_line_break_holder] -->  }<!-- [et_pb_line_break_holder] --><!-- [et_pb_line_break_holder] -->#admenu .et_pb_menu_1_tb_header.et_pb_menu ul li a, #admenu .et_pb_menu_0_tb_header.et_pb_menu ul li a {<!-- [et_pb_line_break_holder] -->    color: rgba(32,35,119,1) !important;<!-- [et_pb_line_break_holder] -->}<!-- [et_pb_line_break_holder] -->  \/*Breadcrump*\/<!-- [et_pb_line_break_holder] --><!-- [et_pb_line_break_holder] -->.widget_breadcrumb_navxt {<!-- [et_pb_line_break_holder] -->\tcolor: #abb9c3;<!-- [et_pb_line_break_holder] -->\tmargin-bottom:30px !important;<!-- [et_pb_line_break_holder] -->\twidth: 100% !important;<!-- [et_pb_line_break_holder] -->\tfont-size:0.85em;<!-- [et_pb_line_break_holder] -->}<!-- [et_pb_line_break_holder] -->.widget_breadcrumb_navxt span {<!-- [et_pb_line_break_holder] -->\tcolor: rgba(32,35,119,.55);<!-- [et_pb_line_break_holder] -->}<!-- [et_pb_line_break_holder] -->  @media screen and (max-width:680px) {<!-- [et_pb_line_break_holder] -->        #admenu #realheader .et_pb_menu_1_tb_header .mobile_nav .mobile_menu_bar:before, #admenu #realheader .et_pb_menu_0_tb_header .mobile_nav .mobile_menu_bar:before {<!-- [et_pb_line_break_holder] -->          color: #202377;<!-- [et_pb_line_break_holder] -->    }<!-- [et_pb_line_break_holder] -->  } <!-- [et_pb_line_break_holder] --><\/style>\n<p>[\/et_pb_code][et_pb_text admin_label=\u00bbText\u00bb _builder_version=\u00bb4.18.0&#8243; background_size=\u00bbinitial\u00bb background_position=\u00bbtop_left\u00bb background_repeat=\u00bbrepeat\u00bb hover_enabled=\u00bb0&#8243; global_colors_info=\u00bb{}\u00bb theme_builder_area=\u00bbpost_content\u00bb sticky_enabled=\u00bb0&#8243;]<\/p>\n<h1>Declaraci\u00f3n de privacidad (UE)<\/h1>\n<p>[\/et_pb_text][et_pb_code _builder_version=\u00bb4.18.0&#8243; _module_preset=\u00bbdefault\u00bb theme_builder_area=\u00bbpost_content\u00bb hover_enabled=\u00bb0&#8243; sticky_enabled=\u00bb0&#8243;]La regi\u00f3n EU no est\u00e1 activada para privacy-statement.[\/et_pb_code][\/et_pb_column][\/et_pb_row][\/et_pb_section]<\/p>\n","protected":false},"excerpt":{"rendered":"<p>Declaraci\u00f3n de privacidad (UE)La regi\u00f3n EU no est\u00e1 activada para privacy-statement.<\/p>\n","protected":false},"author":50,"featured_media":0,"parent":0,"menu_order":0,"comment_status":"closed","ping_status":"closed","template":"","meta":{"_acf_changed":false,"_et_pb_use_builder":"on","_et_pb_old_content":"<!-- wp:complianz\/document {\"title\":\"Declaraci\u00f3n de privacidad (UE)\",\"selectedDocument\":\"privacy-statement\"} \/-->","_et_gb_content_width":"","footnotes":""},"wf_page_folders":[],"class_list":["post-229795","page","type-page","status-publish","hentry"],"yoast_head":"<!-- This site is optimized with the Yoast SEO Premium plugin v19.3 (Yoast SEO v27.2) - https:\/\/yoast.com\/product\/yoast-seo-premium-wordpress\/ -->\n<title>Declaraci\u00f3n de privacidad (UE) - Espa\u00f1ol \/es\/<\/title>\n<meta name=\"robots\" content=\"index, follow, max-snippet:-1, max-image-preview:large, max-video-preview:-1\" \/>\n<link rel=\"canonical\" href=\"https:\/\/www.oxatis.com\/es\/declaracion-de-privacidad-ue\/\" \/>\n<meta property=\"og:locale\" content=\"es_ES\" \/>\n<meta property=\"og:type\" content=\"article\" \/>\n<meta property=\"og:title\" content=\"Declaraci\u00f3n de privacidad (UE)\" \/>\n<meta property=\"og:description\" content=\"Declaraci\u00f3n de privacidad (UE)\" \/>\n<meta property=\"og:url\" content=\"https:\/\/www.oxatis.com\/es\/declaracion-de-privacidad-ue\/\" \/>\n<meta property=\"og:site_name\" content=\"Espa\u00f1ol \/es\/\" \/>\n<meta property=\"article:modified_time\" content=\"2024-02-06T16:53:22+00:00\" \/>\n<meta name=\"twitter:card\" content=\"summary_large_image\" \/>\n<meta name=\"twitter:label1\" content=\"Tiempo de lectura\" \/>\n\t<meta name=\"twitter:data1\" content=\"1 minuto\" \/>\n<script type=\"application\/ld+json\" class=\"yoast-schema-graph\">{\"@context\":\"https:\/\/schema.org\",\"@graph\":[{\"@type\":\"WebPage\",\"@id\":\"https:\/\/www.oxatis.com\/es\/declaracion-de-privacidad-ue\/\",\"url\":\"https:\/\/www.oxatis.com\/es\/declaracion-de-privacidad-ue\/\",\"name\":\"Declaraci\u00f3n de privacidad (UE) - Espa\u00f1ol \/es\/\",\"isPartOf\":{\"@id\":\"https:\/\/www.oxatis.com\/es\/#website\"},\"datePublished\":\"2024-02-06T16:22:46+00:00\",\"dateModified\":\"2024-02-06T16:53:22+00:00\",\"breadcrumb\":{\"@id\":\"https:\/\/www.oxatis.com\/es\/declaracion-de-privacidad-ue\/#breadcrumb\"},\"inLanguage\":\"es\",\"potentialAction\":[{\"@type\":\"ReadAction\",\"target\":[\"https:\/\/www.oxatis.com\/es\/declaracion-de-privacidad-ue\/\"]}]},{\"@type\":\"BreadcrumbList\",\"@id\":\"https:\/\/www.oxatis.com\/es\/declaracion-de-privacidad-ue\/#breadcrumb\",\"itemListElement\":[{\"@type\":\"ListItem\",\"position\":1,\"name\":\"Accueil\",\"item\":\"https:\/\/www.oxatis.com\/es\/\"},{\"@type\":\"ListItem\",\"position\":2,\"name\":\"Declaraci\u00f3n de privacidad (UE)\"}]},{\"@type\":\"WebSite\",\"@id\":\"https:\/\/www.oxatis.com\/es\/#website\",\"url\":\"https:\/\/www.oxatis.com\/es\/\",\"name\":\"Espa\u00f1ol \/es\/\",\"description\":\"D\u00e9veloppez votre business en ligne\",\"potentialAction\":[{\"@type\":\"SearchAction\",\"target\":{\"@type\":\"EntryPoint\",\"urlTemplate\":\"https:\/\/www.oxatis.com\/es\/?s={search_term_string}\"},\"query-input\":{\"@type\":\"PropertyValueSpecification\",\"valueRequired\":true,\"valueName\":\"search_term_string\"}}],\"inLanguage\":\"es\"}]}<\/script>\n<!-- \/ Yoast SEO Premium plugin. -->","yoast_head_json":{"title":"Declaraci\u00f3n de privacidad (UE) - Espa\u00f1ol \/es\/","robots":{"index":"index","follow":"follow","max-snippet":"max-snippet:-1","max-image-preview":"max-image-preview:large","max-video-preview":"max-video-preview:-1"},"canonical":"https:\/\/www.oxatis.com\/es\/declaracion-de-privacidad-ue\/","og_locale":"es_ES","og_type":"article","og_title":"Declaraci\u00f3n de privacidad (UE)","og_description":"Declaraci\u00f3n de privacidad (UE)","og_url":"https:\/\/www.oxatis.com\/es\/declaracion-de-privacidad-ue\/","og_site_name":"Espa\u00f1ol \/es\/","article_modified_time":"2024-02-06T16:53:22+00:00","twitter_card":"summary_large_image","twitter_misc":{"Tiempo de lectura":"1 minuto"},"schema":{"@context":"https:\/\/schema.org","@graph":[{"@type":"WebPage","@id":"https:\/\/www.oxatis.com\/es\/declaracion-de-privacidad-ue\/","url":"https:\/\/www.oxatis.com\/es\/declaracion-de-privacidad-ue\/","name":"Declaraci\u00f3n de privacidad (UE) - Espa\u00f1ol \/es\/","isPartOf":{"@id":"https:\/\/www.oxatis.com\/es\/#website"},"datePublished":"2024-02-06T16:22:46+00:00","dateModified":"2024-02-06T16:53:22+00:00","breadcrumb":{"@id":"https:\/\/www.oxatis.com\/es\/declaracion-de-privacidad-ue\/#breadcrumb"},"inLanguage":"es","potentialAction":[{"@type":"ReadAction","target":["https:\/\/www.oxatis.com\/es\/declaracion-de-privacidad-ue\/"]}]},{"@type":"BreadcrumbList","@id":"https:\/\/www.oxatis.com\/es\/declaracion-de-privacidad-ue\/#breadcrumb","itemListElement":[{"@type":"ListItem","position":1,"name":"Accueil","item":"https:\/\/www.oxatis.com\/es\/"},{"@type":"ListItem","position":2,"name":"Declaraci\u00f3n de privacidad (UE)"}]},{"@type":"WebSite","@id":"https:\/\/www.oxatis.com\/es\/#website","url":"https:\/\/www.oxatis.com\/es\/","name":"Espa\u00f1ol \/es\/","description":"D\u00e9veloppez votre business en ligne","potentialAction":[{"@type":"SearchAction","target":{"@type":"EntryPoint","urlTemplate":"https:\/\/www.oxatis.com\/es\/?s={search_term_string}"},"query-input":{"@type":"PropertyValueSpecification","valueRequired":true,"valueName":"search_term_string"}}],"inLanguage":"es"}]}},"acf":[],"_links":{"self":[{"href":"https:\/\/www.oxatis.com\/es\/wp-json\/wp\/v2\/pages\/229795","targetHints":{"allow":["GET"]}}],"collection":[{"href":"https:\/\/www.oxatis.com\/es\/wp-json\/wp\/v2\/pages"}],"about":[{"href":"https:\/\/www.oxatis.com\/es\/wp-json\/wp\/v2\/types\/page"}],"author":[{"embeddable":true,"href":"https:\/\/www.oxatis.com\/es\/wp-json\/wp\/v2\/users\/50"}],"replies":[{"embeddable":true,"href":"https:\/\/www.oxatis.com\/es\/wp-json\/wp\/v2\/comments?post=229795"}],"version-history":[{"count":3,"href":"https:\/\/www.oxatis.com\/es\/wp-json\/wp\/v2\/pages\/229795\/revisions"}],"predecessor-version":[{"id":229805,"href":"https:\/\/www.oxatis.com\/es\/wp-json\/wp\/v2\/pages\/229795\/revisions\/229805"}],"wp:attachment":[{"href":"https:\/\/www.oxatis.com\/es\/wp-json\/wp\/v2\/media?parent=229795"}],"wp:term":[{"taxonomy":"wf_page_folders","embeddable":true,"href":"https:\/\/www.oxatis.com\/es\/wp-json\/wp\/v2\/wf_page_folders?post=229795"}],"curies":[{"name":"wp","href":"https:\/\/api.w.org\/{rel}","templated":true}]}}