{"id":34217,"date":"2020-07-01T09:52:59","date_gmt":"2020-07-01T09:52:59","guid":{"rendered":"https:\/\/www.oxatis.com\/precios\/"},"modified":"2024-10-02T11:11:06","modified_gmt":"2024-10-02T09:11:06","slug":"precios","status":"publish","type":"page","link":"https:\/\/www.oxatis.com\/es\/precios\/","title":{"rendered":"Precios"},"content":{"rendered":"<p>[et_pb_section fb_built=\u00bb1&#8243; disabled_on=\u00bboff|off|off\u00bb _builder_version=\u00bb4.16&#8243; custom_margin=\u00bb||0px||false|false\u00bb custom_margin_tablet=\u00bb0px||0px||false|false\u00bb custom_margin_phone=\u00bb0px||||false|false\u00bb custom_margin_last_edited=\u00bbon|desktop\u00bb custom_padding=\u00bb195px||0px||false|false\u00bb global_colors_info=\u00bb{}\u00bb][et_pb_row module_class=\u00bbsection_Width\u00bb _builder_version=\u00bb4.16&#8243; background_color=\u00bbrgba(0,0,0,0)\u00bb width=\u00bb70%\u00bb custom_margin=\u00bb0px||0px||false|false\u00bb custom_padding=\u00bb0px||0px||false|false\u00bb global_colors_info=\u00bb{}\u00bb][et_pb_column type=\u00bb4_4&#8243; _builder_version=\u00bb4.16&#8243; global_colors_info=\u00bb{}\u00bb][et_pb_code admin_label=\u00bbheader and breadcrump blanc\u00bb _builder_version=\u00bb4.17.6&#8243; max_height=\u00bb0px\u00bb custom_margin=\u00bb0px|0px|0px|0px|false|false\u00bb custom_padding=\u00bb0px|0px|0px|0px|false|false\u00bb global_module=\u00bb35596&#8243; global_colors_info=\u00bb{}\u00bb]<\/p>\n<style type=\"text\/css\"><!-- [et_pb_line_break_holder] -->\/*header*\/<!-- [et_pb_line_break_holder] --><!-- [et_pb_line_break_holder] -->#admenu .et_pb_menu_1_tb_header.et_pb_menu ul li a, #admenu .et_pb_menu_0_tb_header.et_pb_menu ul li a {<!-- [et_pb_line_break_holder] -->    color: rgba(32,35,119,1) !important;<!-- [et_pb_line_break_holder] -->    font-size:18px !important;<!-- [et_pb_line_break_holder] -->}<!-- [et_pb_line_break_holder] --><!-- [et_pb_line_break_holder] -->  #admenu.sticky .et_pb_menu_1_tb_header.et_pb_menu ul li a, #admenu.sticky .et_pb_menu_0_tb_header.et_pb_menu ul li a {<!-- [et_pb_line_break_holder] -->    color: rgba(32,35,119,1) !important;<!-- [et_pb_line_break_holder] -->    font-size:16px !important;<!-- [et_pb_line_break_holder] -->    <!-- [et_pb_line_break_holder] -->}<!-- [et_pb_line_break_holder] -->#admenu .et_pb_menu_1_tb_header.et_pb_menu .nav li ul.sub-menu .latestnews a, #admenu .et_pb_menu_0_tb_header.et_pb_menu .nav li ul.sub-menu .latestnews a {<!-- [et_pb_line_break_holder] -->    font-size:0.75em !important;<!-- [et_pb_line_break_holder] -->    opacity:0.75;<!-- [et_pb_line_break_holder] -->  }<!-- [et_pb_line_break_holder] -->  #admenu,<!-- [et_pb_line_break_holder] -->  .et-db #et-boc .et-l .et_pb_section_1_tb_header.et_pb_section,  .et-db #et-boc .et-0 .et_pb_section_0_tb_header.et_pb_section {<!-- [et_pb_line_break_holder] -->    padding-top: 15px;<!-- [et_pb_line_break_holder] -->    background-color: #ffffff !important;<!-- [et_pb_line_break_holder] -->    box-shadow: 0px 0px 18px -6px rgba(0,0,0,0.3);<!-- [et_pb_line_break_holder] -->    padding-top: 0px;<!-- [et_pb_line_break_holder] -->    z-index:4;<!-- [et_pb_line_break_holder] -->}<!-- [et_pb_line_break_holder] -->  <!-- [et_pb_line_break_holder] -->  #admenu .new_oxatis_lighter .et_pb_image_wrap img {<!-- [et_pb_line_break_holder] -->    opacity:0;<!-- [et_pb_line_break_holder] -->  }<!-- [et_pb_line_break_holder] -->    #admenu .new_oxatis_darker .et_pb_image_wrap img {<!-- [et_pb_line_break_holder] -->    opacity:1;<!-- [et_pb_line_break_holder] -->  }<!-- [et_pb_line_break_holder] -->    #admenu.sticky .new_oxatis_lighter .et_pb_image_wrap img {<!-- [et_pb_line_break_holder] -->    opacity:0;<!-- [et_pb_line_break_holder] -->  }<!-- [et_pb_line_break_holder] -->    #admenu.sticky .new_oxatis_darker .et_pb_image_wrap img {<!-- [et_pb_line_break_holder] -->    opacity:1;<!-- [et_pb_line_break_holder] -->  }<!-- [et_pb_line_break_holder] -->@media only screen and ( max-width: 1180px ) {<!-- [et_pb_line_break_holder] -->  #admenu #realheader .et_pb_menu_1_tb_header .mobile_nav .mobile_menu_bar:before,  #admenu #realheader .et_pb_menu_0_tb_header .mobile_nav .mobile_menu_bar:before {<!-- [et_pb_line_break_holder] -->    color: #202377 !important;<!-- [et_pb_line_break_holder] -->}<!-- [et_pb_line_break_holder] -->  }<!-- [et_pb_line_break_holder] -->  @media screen and (max-width:1366px) and (min-width:1024px) {<!-- [et_pb_line_break_holder] -->    #admenu .et_pb_menu_1_tb_header.et_pb_menu ul li a, #admenu .et_pb_menu_0_tb_header.et_pb_menu ul li a {<!-- [et_pb_line_break_holder] -->    color: rgba(32,35,119,1) !important;<!-- [et_pb_line_break_holder] -->    font-size:16px !important;<!-- [et_pb_line_break_holder] -->}<!-- [et_pb_line_break_holder] -->    <!-- [et_pb_line_break_holder] -->  #admenu.sticky .et_pb_menu_1_tb_header.et_pb_menu ul li a, #admenu.sticky .et_pb_menu_0_tb_header.et_pb_menu ul li a {<!-- [et_pb_line_break_holder] -->    color: rgba(32,35,119,1) !important;<!-- [et_pb_line_break_holder] -->    font-size:14px !important;<!-- [et_pb_line_break_holder] -->    <!-- [et_pb_line_break_holder] -->}<!-- [et_pb_line_break_holder] -->  }<!-- [et_pb_line_break_holder] --><!-- [et_pb_line_break_holder] -->#admenu .et_pb_menu_1_tb_header.et_pb_menu ul li a, #admenu .et_pb_menu_0_tb_header.et_pb_menu ul li a {<!-- [et_pb_line_break_holder] -->    color: rgba(32,35,119,1) !important;<!-- [et_pb_line_break_holder] -->}<!-- [et_pb_line_break_holder] -->  \/*Breadcrump*\/<!-- [et_pb_line_break_holder] --><!-- [et_pb_line_break_holder] -->.widget_breadcrumb_navxt {<!-- [et_pb_line_break_holder] -->\tcolor: #abb9c3;<!-- [et_pb_line_break_holder] -->\tmargin-bottom:30px !important;<!-- [et_pb_line_break_holder] -->\twidth: 100% !important;<!-- [et_pb_line_break_holder] -->\tfont-size:0.85em;<!-- [et_pb_line_break_holder] -->}<!-- [et_pb_line_break_holder] -->.widget_breadcrumb_navxt span {<!-- [et_pb_line_break_holder] -->\tcolor: rgba(32,35,119,.55);<!-- [et_pb_line_break_holder] -->}<!-- [et_pb_line_break_holder] -->  @media screen and (max-width:680px) {<!-- [et_pb_line_break_holder] -->        #admenu #realheader .et_pb_menu_1_tb_header .mobile_nav .mobile_menu_bar:before, #admenu #realheader .et_pb_menu_0_tb_header .mobile_nav .mobile_menu_bar:before {<!-- [et_pb_line_break_holder] -->          color: #202377;<!-- [et_pb_line_break_holder] -->    }<!-- [et_pb_line_break_holder] -->  } <!-- [et_pb_line_break_holder] --><\/style>\n<p>[\/et_pb_code][et_pb_sidebar area=\u00bbet_pb_widget_area_3&#8243; _builder_version=\u00bb4.16&#8243; custom_margin=\u00bb10px||0px||false|false\u00bb custom_padding=\u00bb25px||0px||false|false\u00bb custom_css_main_element=\u00bbborder:none;\u00bb global_colors_info=\u00bb{}\u00bb][\/et_pb_sidebar][\/et_pb_column][\/et_pb_row][\/et_pb_section][et_pb_section fb_built=\u00bb1&#8243; _builder_version=\u00bb4.16&#8243; custom_padding=\u00bb0px||0px||false|false\u00bb global_colors_info=\u00bb{}\u00bb][et_pb_row module_class=\u00bbsection_Width\u00bb _builder_version=\u00bb4.16&#8243; width=\u00bb70%\u00bb custom_margin=\u00bb0px||||false|false\u00bb custom_padding=\u00bb0px||||false|false\u00bb global_colors_info=\u00bb{}\u00bb][et_pb_column type=\u00bb4_4&#8243; _builder_version=\u00bb4.16&#8243; global_colors_info=\u00bb{}\u00bb][et_pb_text _builder_version=\u00bb4.16&#8243; text_font=\u00bb|600|||||||\u00bb text_text_color=\u00bb#202377&#8243; text_font_size=\u00bb18px\u00bb text_orientation=\u00bbcenter\u00bb global_colors_info=\u00bb{}\u00bb]<\/p>\n<h1 class=\"general_title-type ox-title ox-align-center pricetitle ox-margin-bottom-large ox-margin-top-large\" style=\"text-align: center;\"><span class=\"PBPTitle\"><span class=\"PBHD\">Obt\u00e9n tu presupuesto personalizado en 5 minutos<\/span><\/span><\/h1>\n<p>[\/et_pb_text][\/et_pb_column][\/et_pb_row][\/et_pb_section][et_pb_section fb_built=\u00bb1&#8243; custom_padding_last_edited=\u00bbon|desktop\u00bb module_class=\u00bbsection_Width\u00bb _builder_version=\u00bb4.16&#8243; background_color=\u00bb#ffffff\u00bb width=\u00bb70%\u00bb width_tablet=\u00bb\u00bb width_phone=\u00bb90%\u00bb width_last_edited=\u00bbon|phone\u00bb max_width=\u00bb1536px\u00bb module_alignment=\u00bbcenter\u00bb custom_padding=\u00bb50px|50px|30px|50px|false|true\u00bb custom_padding_tablet=\u00bb\u00bb custom_padding_phone=\u00bb30px|30px|20px|30px|false|true\u00bb box_shadow_style=\u00bbpreset1&#8243; box_shadow_blur=\u00bb15px\u00bb box_shadow_color=\u00bbrgba(0,0,0,0.2)\u00bb box_shadow_vertical_tablet=\u00bb\u00bb box_shadow_vertical_phone=\u00bb0px\u00bb box_shadow_vertical_last_edited=\u00bbon|desktop\u00bb box_shadow_blur_tablet=\u00bb\u00bb box_shadow_blur_phone=\u00bb2px\u00bb box_shadow_blur_last_edited=\u00bbon|phone\u00bb global_colors_info=\u00bb{}\u00bb][et_pb_row _builder_version=\u00bb4.16&#8243; width=\u00bb100%\u00bb custom_padding=\u00bb0px||||false|false\u00bb global_colors_info=\u00bb{}\u00bb][et_pb_column type=\u00bb4_4&#8243; _builder_version=\u00bb4.16&#8243; global_colors_info=\u00bb{}\u00bb][et_pb_text _builder_version=\u00bb4.16&#8243; global_colors_info=\u00bb{}\u00bb]<\/p>\n<p class=\"ox-title ox-align-left ox-margin-bottom-large general_subtitles\">Vende tus productos a los 30 millones de espa\u00f1oles que compran en l\u00ednea.<\/p>\n<p>[\/et_pb_text][\/et_pb_column][\/et_pb_row][et_pb_row column_structure=\u00bb1_2,1_2&#8243; _builder_version=\u00bb4.16&#8243; width=\u00bb100%\u00bb custom_margin=\u00bb0px||0px||false|false\u00bb custom_padding=\u00bb0px||0px||false|false\u00bb global_colors_info=\u00bb{}\u00bb][et_pb_column type=\u00bb1_2&#8243; _builder_version=\u00bb4.16&#8243; global_colors_info=\u00bb{}\u00bb][et_pb_text module_class=\u00bbcustom-list-style smallline\u00bb _builder_version=\u00bb4.18.0&#8243; custom_margin=\u00bb0px||0px||false|false\u00bb custom_padding=\u00bb0px||0px||false|false\u00bb global_colors_info=\u00bb{}\u00bb]<\/p>\n<p><span class=\"PBMainTxt\"><strong>\u00bfC\u00f3mo?<\/strong><\/span><\/p>\n<p>&nbsp;<\/p>\n<ul>\n<li>Gracias a tu futuro sitio web construido en la plataforma de comercio electr\u00f3nico <strong>Oxatis<\/strong><\/li>\n<li>A trav\u00e9s de <strong>marketplaces<\/strong>, Google Shopping, comparadores de precios y redes de publicidad digital<\/li>\n<li>Gracias a nuestra <strong>soluci\u00f3n de distribuci\u00f3n multicanal Oxatis<\/strong><\/li>\n<\/ul>\n<p>[\/et_pb_text][\/et_pb_column][et_pb_column type=\u00bb1_2&#8243; _builder_version=\u00bb4.16&#8243; global_colors_info=\u00bb{}\u00bb][et_pb_text module_class=\u00bbcustom-list-style smallline\u00bb _builder_version=\u00bb4.16&#8243; global_colors_info=\u00bb{}\u00bb]<\/p>\n<div class=\"ox-text agrumentlist phrase\">\n<p>Hemos dise\u00f1ado un s\u00faper <strong>calculador de precios <\/strong>que te dar\u00e1:<\/p>\n<p><strong>una estimaci\u00f3n del precio para el desarrollo de tu sitio y para el uso de la plataforma de comercio electr\u00f3nico.<\/strong><\/p>\n<p>&nbsp;<\/p>\n<ul>\n<li><strong>\u00a0Claro<\/strong><\/li>\n<li><strong>Instant\u00e1neo<\/strong><\/li>\n<li>De acuerdo con tus necesidades<\/strong><\/li>\n<\/ul>\n<\/div>\n<p>[\/et_pb_text][\/et_pb_column][\/et_pb_row][\/et_pb_section][et_pb_section fb_built=\u00bb1&#8243; _builder_version=\u00bb4.16&#8243; custom_padding=\u00bb5px|||||\u00bb global_colors_info=\u00bb{}\u00bb][et_pb_row column_structure=\u00bb1_2,1_2&#8243; use_custom_gutter=\u00bbon\u00bb gutter_width=\u00bb4&#8243; make_equal=\u00bbon\u00bb module_id=\u00bboxTarifs\u00bb module_class=\u00bbsection_Width\u00bb _builder_version=\u00bb4.16&#8243; width=\u00bb70%\u00bb custom_padding=\u00bb50px||||false|false\u00bb global_colors_info=\u00bb{}\u00bb][et_pb_column type=\u00bb1_2&#8243; _builder_version=\u00bb4.16&#8243; custom_padding=\u00bb0px|0px|0px|0px|false|false\u00bb custom_padding_tablet=\u00bb0px|0px|0px|0px|false|true\u00bb custom_padding_phone=\u00bb\u00bb custom_padding_last_edited=\u00bbon|phone\u00bb box_shadow_style=\u00bbpreset3&#8243; box_shadow_vertical_tablet=\u00bb\u00bb box_shadow_vertical_phone=\u00bb0px\u00bb box_shadow_vertical_last_edited=\u00bbon|phone\u00bb box_shadow_blur_tablet=\u00bb\u00bb box_shadow_blur_phone=\u00bb2px\u00bb box_shadow_blur_last_edited=\u00bbon|phone\u00bb box_shadow_spread_tablet=\u00bb\u00bb box_shadow_spread_phone=\u00bb0px\u00bb box_shadow_spread_last_edited=\u00bbon|phone\u00bb global_colors_info=\u00bb{}\u00bb][et_pb_text _builder_version=\u00bb4.16&#8243; text_text_color=\u00bb#ffffff\u00bb header_2_text_color=\u00bb#ffffff\u00bb header_2_font_size=\u00bb34px\u00bb background_color=\u00bb#003469&#8243; custom_margin=\u00bb0px||0px||false|false\u00bb custom_margin_tablet=\u00bb0px||0px||false|false\u00bb custom_margin_phone=\u00bb\u00bb custom_margin_last_edited=\u00bbon|tablet\u00bb custom_padding=\u00bb30px||30px||true|false\u00bb global_colors_info=\u00bb{}\u00bb]<\/p>\n<h2 style=\"text-align: center;\"><span class=\"PBPTitle\"><\/span>Sitio web <span class=\"PBPTitle\">e-Commerce<\/span> <\/h2>\n<p>[\/et_pb_text][et_pb_text module_class=\u00bbcustom-list-style smallline\u00bb _builder_version=\u00bb4.16&#8243; min_height=\u00bb220px\u00bb custom_margin=\u00bb||0px||false|false\u00bb custom_margin_tablet=\u00bb||||false|false\u00bb custom_margin_phone=\u00bb|auto||auto|false|false\u00bb custom_margin_last_edited=\u00bbon|tablet\u00bb custom_padding=\u00bb30px|50px|0px|50px|false|true\u00bb custom_padding_tablet=\u00bb\u00bb custom_padding_phone=\u00bb30px|30px|0px|30px|false|true\u00bb custom_padding_last_edited=\u00bbon|phone\u00bb global_colors_info=\u00bb{}\u00bb]<\/p>\n<ul>\n<li>Incluye el precio de suscripci\u00f3n a la plataforma de comercio electr\u00f3nico basado en tu nivel de uso<\/li>\n<li>Incluye el precio para desarrollar su sitio de comercio electr\u00f3nico de acuerdo a sus necesidades<\/li>\n<\/ul>\n<p>[\/et_pb_text][et_pb_button button_url=\u00bbhttps:\/\/www.oxatis.com\/es\/calculador-di-planes-cms-b2c\/\u00bb url_new_window=\u00bbon\u00bb button_text=\u00bbEstimar mi proyecto\u00bb button_alignment=\u00bbcenter\u00bb _builder_version=\u00bb4.18.0&#8243; custom_margin=\u00bb||50px||false|false\u00bb hover_enabled=\u00bb0&#8243; global_colors_info=\u00bb{}\u00bb sticky_enabled=\u00bb0&#8243;][\/et_pb_button][\/et_pb_column][et_pb_column type=\u00bb1_2&#8243; _builder_version=\u00bb4.16&#8243; custom_padding=\u00bb0px|0px|0px|0px|false|true\u00bb box_shadow_style=\u00bbpreset3&#8243; box_shadow_vertical_tablet=\u00bb\u00bb box_shadow_vertical_phone=\u00bb0px\u00bb box_shadow_vertical_last_edited=\u00bbon|phone\u00bb box_shadow_blur_tablet=\u00bb\u00bb box_shadow_blur_phone=\u00bb2px\u00bb box_shadow_blur_last_edited=\u00bbon|phone\u00bb box_shadow_spread_tablet=\u00bb\u00bb box_shadow_spread_phone=\u00bb0px\u00bb box_shadow_spread_last_edited=\u00bbon|phone\u00bb global_colors_info=\u00bb{}\u00bb][et_pb_text _builder_version=\u00bb4.16&#8243; text_text_color=\u00bb#ffffff\u00bb header_text_color=\u00bb#ffffff\u00bb header_2_text_color=\u00bb#ffffff\u00bb header_2_font_size=\u00bb34px\u00bb background_color=\u00bb#051039&#8243; custom_margin=\u00bb||0px||false|false\u00bb custom_margin_tablet=\u00bb0px||0px||false|false\u00bb custom_margin_phone=\u00bb\u00bb custom_margin_last_edited=\u00bbon|phone\u00bb custom_padding=\u00bb30px|6px|30px|6px|true|true\u00bb global_colors_info=\u00bb{}\u00bb]<\/p>\n<h2 style=\"text-align: center;\"><span class=\"PBPTitle\">Distribuci\u00f3n multicanal<\/span><\/h2>\n<p>[\/et_pb_text][et_pb_text module_class=\u00bbcustom-list-style smallline\u00bb _builder_version=\u00bb4.16&#8243; text_text_color=\u00bb#333333&#8243; min_height=\u00bb220px\u00bb custom_margin=\u00bb0px||0px||false|false\u00bb custom_margin_tablet=\u00bb||||false|false\u00bb custom_margin_phone=\u00bb|auto||auto|false|false\u00bb custom_margin_last_edited=\u00bbon|tablet\u00bb custom_padding=\u00bb30px|50px||50px|false|true\u00bb custom_padding_tablet=\u00bb|50px||50px|false|true\u00bb custom_padding_phone=\u00bb30px|30px||30px|false|true\u00bb custom_padding_last_edited=\u00bbon|phone\u00bb global_colors_info=\u00bb{}\u00bb]Comparte tus productos en: \u00a0<\/p>\n<ul>\n<li>Google Shopping<\/li>\n<li>Marketplaces<\/li>\n<li>Comparadores de precios<\/li>\n<li>Redes de publicidad digital<\/li>\n<\/ul>\n<p>[\/et_pb_text][et_pb_button button_url=\u00bbhttps:\/\/www.oxatis.com\/en\/feed-management-form\/\u00bb url_new_window=\u00bbon\u00bb button_text=\u00bbEstimar mi proyecto\u00bb button_alignment=\u00bbcenter\u00bb _builder_version=\u00bb4.18.0&#8243; custom_margin=\u00bb||50px|||\u00bb custom_margin_tablet=\u00bb||40px||false|false\u00bb custom_margin_phone=\u00bb\u00bb custom_margin_last_edited=\u00bbon|tablet\u00bb global_colors_info=\u00bb{}\u00bb][\/et_pb_button][\/et_pb_column][\/et_pb_row][\/et_pb_section]<\/p>\n","protected":false},"excerpt":{"rendered":"<p>Obt\u00e9n tu presupuesto personalizado en 5 minutosVende tus productos a los 30 millones de espa\u00f1oles que compran en l\u00ednea.\u00bfC\u00f3mo? &nbsp; Gracias a tu futuro sitio web construido en la plataforma de comercio electr\u00f3nico Oxatis A trav\u00e9s de marketplaces, Google Shopping, comparadores de precios y redes de publicidad digital Gracias a nuestra soluci\u00f3n de distribuci\u00f3n multicanal [&hellip;]<\/p>\n","protected":false},"author":1,"featured_media":225644,"parent":0,"menu_order":0,"comment_status":"closed","ping_status":"closed","template":"","meta":{"_acf_changed":false,"_et_pb_use_builder":"on","_et_pb_old_content":"","_et_gb_content_width":"","footnotes":""},"wf_page_folders":[284],"class_list":["post-34217","page","type-page","status-publish","has-post-thumbnail","hentry"],"yoast_head":"<!-- This site is optimized with the Yoast SEO Premium plugin v19.3 (Yoast SEO v27.2) - https:\/\/yoast.com\/product\/yoast-seo-premium-wordpress\/ -->\n<title>Precios - Oxatis<\/title>\n<meta name=\"description\" content=\"\u00bfCu\u00e1l es el precio del abono? Sin comisi\u00f3n y sin compromiso, \u00a1descubra ahora los precios de Oxatis!\" \/>\n<meta name=\"robots\" content=\"index, follow, max-snippet:-1, max-image-preview:large, max-video-preview:-1\" \/>\n<link rel=\"canonical\" href=\"https:\/\/www.oxatis.com\/es\/precios\/\" \/>\n<meta property=\"og:locale\" content=\"es_ES\" \/>\n<meta property=\"og:type\" content=\"article\" \/>\n<meta property=\"og:title\" content=\"Precios\" \/>\n<meta property=\"og:description\" content=\"\u00bfCu\u00e1l es el precio del abono? Sin comisi\u00f3n y sin compromiso, \u00a1descubra ahora los precios de Oxatis!\" \/>\n<meta property=\"og:url\" content=\"https:\/\/www.oxatis.com\/es\/precios\/\" \/>\n<meta property=\"og:site_name\" content=\"Espa\u00f1ol \/es\/\" \/>\n<meta property=\"article:modified_time\" content=\"2024-10-02T09:11:06+00:00\" \/>\n<meta property=\"og:image\" content=\"https:\/\/www.oxatis.com\/es\/wp-content\/uploads\/sites\/9\/2022\/01\/macbook-client-and-backoffice.jpg\" \/>\n\t<meta property=\"og:image:width\" content=\"1500\" \/>\n\t<meta property=\"og:image:height\" content=\"1150\" \/>\n\t<meta property=\"og:image:type\" content=\"image\/jpeg\" \/>\n<meta name=\"twitter:card\" content=\"summary_large_image\" \/>\n<meta name=\"twitter:label1\" content=\"Tiempo de lectura\" \/>\n\t<meta name=\"twitter:data1\" content=\"3 minutos\" \/>\n<script type=\"application\/ld+json\" class=\"yoast-schema-graph\">{\"@context\":\"https:\/\/schema.org\",\"@graph\":[{\"@type\":\"WebPage\",\"@id\":\"https:\/\/www.oxatis.com\/es\/precios\/\",\"url\":\"https:\/\/www.oxatis.com\/es\/precios\/\",\"name\":\"Precios - Oxatis\",\"isPartOf\":{\"@id\":\"https:\/\/www.oxatis.com\/es\/#website\"},\"primaryImageOfPage\":{\"@id\":\"https:\/\/www.oxatis.com\/es\/precios\/#primaryimage\"},\"image\":{\"@id\":\"https:\/\/www.oxatis.com\/es\/precios\/#primaryimage\"},\"thumbnailUrl\":\"https:\/\/www.oxatis.com\/es\/wp-content\/uploads\/sites\/9\/2022\/01\/macbook-client-and-backoffice.jpg\",\"datePublished\":\"2020-07-01T09:52:59+00:00\",\"dateModified\":\"2024-10-02T09:11:06+00:00\",\"description\":\"\u00bfCu\u00e1l es el precio del abono? Sin comisi\u00f3n y sin compromiso, \u00a1descubra ahora los precios de Oxatis!\",\"breadcrumb\":{\"@id\":\"https:\/\/www.oxatis.com\/es\/precios\/#breadcrumb\"},\"inLanguage\":\"es\",\"potentialAction\":[{\"@type\":\"ReadAction\",\"target\":[\"https:\/\/www.oxatis.com\/es\/precios\/\"]}]},{\"@type\":\"ImageObject\",\"inLanguage\":\"es\",\"@id\":\"https:\/\/www.oxatis.com\/es\/precios\/#primaryimage\",\"url\":\"https:\/\/www.oxatis.com\/es\/wp-content\/uploads\/sites\/9\/2022\/01\/macbook-client-and-backoffice.jpg\",\"contentUrl\":\"https:\/\/www.oxatis.com\/es\/wp-content\/uploads\/sites\/9\/2022\/01\/macbook-client-and-backoffice.jpg\",\"width\":1500,\"height\":1150,\"caption\":\"Plateforme e-commerce\"},{\"@type\":\"BreadcrumbList\",\"@id\":\"https:\/\/www.oxatis.com\/es\/precios\/#breadcrumb\",\"itemListElement\":[{\"@type\":\"ListItem\",\"position\":1,\"name\":\"Accueil\",\"item\":\"https:\/\/www.oxatis.com\/es\/\"},{\"@type\":\"ListItem\",\"position\":2,\"name\":\"Precios\"}]},{\"@type\":\"WebSite\",\"@id\":\"https:\/\/www.oxatis.com\/es\/#website\",\"url\":\"https:\/\/www.oxatis.com\/es\/\",\"name\":\"Espa\u00f1ol \/es\/\",\"description\":\"D\u00e9veloppez votre business en ligne\",\"potentialAction\":[{\"@type\":\"SearchAction\",\"target\":{\"@type\":\"EntryPoint\",\"urlTemplate\":\"https:\/\/www.oxatis.com\/es\/?s={search_term_string}\"},\"query-input\":{\"@type\":\"PropertyValueSpecification\",\"valueRequired\":true,\"valueName\":\"search_term_string\"}}],\"inLanguage\":\"es\"}]}<\/script>\n<!-- \/ Yoast SEO Premium plugin. -->","yoast_head_json":{"title":"Precios - Oxatis","description":"\u00bfCu\u00e1l es el precio del abono? Sin comisi\u00f3n y sin compromiso, \u00a1descubra ahora los precios de Oxatis!","robots":{"index":"index","follow":"follow","max-snippet":"max-snippet:-1","max-image-preview":"max-image-preview:large","max-video-preview":"max-video-preview:-1"},"canonical":"https:\/\/www.oxatis.com\/es\/precios\/","og_locale":"es_ES","og_type":"article","og_title":"Precios","og_description":"\u00bfCu\u00e1l es el precio del abono? Sin comisi\u00f3n y sin compromiso, \u00a1descubra ahora los precios de Oxatis!","og_url":"https:\/\/www.oxatis.com\/es\/precios\/","og_site_name":"Espa\u00f1ol \/es\/","article_modified_time":"2024-10-02T09:11:06+00:00","og_image":[{"width":1500,"height":1150,"url":"https:\/\/www.oxatis.com\/es\/wp-content\/uploads\/sites\/9\/2022\/01\/macbook-client-and-backoffice.jpg","type":"image\/jpeg"}],"twitter_card":"summary_large_image","twitter_misc":{"Tiempo de lectura":"3 minutos"},"schema":{"@context":"https:\/\/schema.org","@graph":[{"@type":"WebPage","@id":"https:\/\/www.oxatis.com\/es\/precios\/","url":"https:\/\/www.oxatis.com\/es\/precios\/","name":"Precios - Oxatis","isPartOf":{"@id":"https:\/\/www.oxatis.com\/es\/#website"},"primaryImageOfPage":{"@id":"https:\/\/www.oxatis.com\/es\/precios\/#primaryimage"},"image":{"@id":"https:\/\/www.oxatis.com\/es\/precios\/#primaryimage"},"thumbnailUrl":"https:\/\/www.oxatis.com\/es\/wp-content\/uploads\/sites\/9\/2022\/01\/macbook-client-and-backoffice.jpg","datePublished":"2020-07-01T09:52:59+00:00","dateModified":"2024-10-02T09:11:06+00:00","description":"\u00bfCu\u00e1l es el precio del abono? Sin comisi\u00f3n y sin compromiso, \u00a1descubra ahora los precios de Oxatis!","breadcrumb":{"@id":"https:\/\/www.oxatis.com\/es\/precios\/#breadcrumb"},"inLanguage":"es","potentialAction":[{"@type":"ReadAction","target":["https:\/\/www.oxatis.com\/es\/precios\/"]}]},{"@type":"ImageObject","inLanguage":"es","@id":"https:\/\/www.oxatis.com\/es\/precios\/#primaryimage","url":"https:\/\/www.oxatis.com\/es\/wp-content\/uploads\/sites\/9\/2022\/01\/macbook-client-and-backoffice.jpg","contentUrl":"https:\/\/www.oxatis.com\/es\/wp-content\/uploads\/sites\/9\/2022\/01\/macbook-client-and-backoffice.jpg","width":1500,"height":1150,"caption":"Plateforme e-commerce"},{"@type":"BreadcrumbList","@id":"https:\/\/www.oxatis.com\/es\/precios\/#breadcrumb","itemListElement":[{"@type":"ListItem","position":1,"name":"Accueil","item":"https:\/\/www.oxatis.com\/es\/"},{"@type":"ListItem","position":2,"name":"Precios"}]},{"@type":"WebSite","@id":"https:\/\/www.oxatis.com\/es\/#website","url":"https:\/\/www.oxatis.com\/es\/","name":"Espa\u00f1ol \/es\/","description":"D\u00e9veloppez votre business en ligne","potentialAction":[{"@type":"SearchAction","target":{"@type":"EntryPoint","urlTemplate":"https:\/\/www.oxatis.com\/es\/?s={search_term_string}"},"query-input":{"@type":"PropertyValueSpecification","valueRequired":true,"valueName":"search_term_string"}}],"inLanguage":"es"}]}},"acf":[],"_links":{"self":[{"href":"https:\/\/www.oxatis.com\/es\/wp-json\/wp\/v2\/pages\/34217","targetHints":{"allow":["GET"]}}],"collection":[{"href":"https:\/\/www.oxatis.com\/es\/wp-json\/wp\/v2\/pages"}],"about":[{"href":"https:\/\/www.oxatis.com\/es\/wp-json\/wp\/v2\/types\/page"}],"author":[{"embeddable":true,"href":"https:\/\/www.oxatis.com\/es\/wp-json\/wp\/v2\/users\/1"}],"replies":[{"embeddable":true,"href":"https:\/\/www.oxatis.com\/es\/wp-json\/wp\/v2\/comments?post=34217"}],"version-history":[{"count":14,"href":"https:\/\/www.oxatis.com\/es\/wp-json\/wp\/v2\/pages\/34217\/revisions"}],"predecessor-version":[{"id":229825,"href":"https:\/\/www.oxatis.com\/es\/wp-json\/wp\/v2\/pages\/34217\/revisions\/229825"}],"wp:featuredmedia":[{"embeddable":true,"href":"https:\/\/www.oxatis.com\/es\/wp-json\/wp\/v2\/media\/225644"}],"wp:attachment":[{"href":"https:\/\/www.oxatis.com\/es\/wp-json\/wp\/v2\/media?parent=34217"}],"wp:term":[{"taxonomy":"wf_page_folders","embeddable":true,"href":"https:\/\/www.oxatis.com\/es\/wp-json\/wp\/v2\/wf_page_folders?post=34217"}],"curies":[{"name":"wp","href":"https:\/\/api.w.org\/{rel}","templated":true}]}}